{"id":9984,"date":"2022-02-03T18:01:42","date_gmt":"2022-02-03T18:01:42","guid":{"rendered":"https:\/\/commparlimage.ca\/garage\/herazz\/?product=lavinia-etampe-champignon-forestier"},"modified":"2025-01-17T11:25:38","modified_gmt":"2025-01-17T16:25:38","slug":"lavinia-etampe-champignon-forestier-1","status":"publish","type":"product","link":"https:\/\/www.galerie-scrapbooking.com\/en\/produit\/lavinia-etampe-champignon-forestier-1\/","title":{"rendered":"Lavinia \u00c9tampe mini Champignon forestier"},"content":{"rendered":"<h1>Lavinia \u00c9tampe mini Champignon forestier<\/h1>\n<p>Une mini \u00e9tampe silhouette d&#8217;une illustration repr\u00e9sentant deux champignons forestiers.<\/p>\n<p>Cette \u00e9tampe\u00a0 est id\u00e9ale pour compl\u00e9ter les sous-bois ou m\u00eame les couronnes en compagnie de mini feuille et mini baie.<\/p>\n<p>N\u00e9cessite l&#8217;utilisation d&#8217;un bloc acrylique.<\/p>\n<p>Dimension approximative: 2.0 cm..<\/p>\n","protected":false},"excerpt":{"rendered":"<p>Lavinia Stamp &#8211; Forest Mushroom<\/p>\n","protected":false},"featured_media":9985,"template":"","meta":{"_acf_changed":false},"product_brand":[],"product_cat":[423,342],"product_tag":[],"class_list":{"0":"post-9984","1":"product","2":"type-product","3":"status-publish","4":"has-post-thumbnail","6":"product_cat-fleurs-feuillage","7":"product_cat-etampes-lavinia","8":"pa_brand_nc-lavinia","10":"first","11":"instock","12":"taxable","13":"shipping-taxable","14":"purchasable","15":"product-type-simple"},"acf":[],"aioseo_notices":[],"_links":{"self":[{"href":"https:\/\/www.galerie-scrapbooking.com\/en\/wp-json\/wp\/v2\/product\/9984","targetHints":{"allow":["GET"]}}],"collection":[{"href":"https:\/\/www.galerie-scrapbooking.com\/en\/wp-json\/wp\/v2\/product"}],"about":[{"href":"https:\/\/www.galerie-scrapbooking.com\/en\/wp-json\/wp\/v2\/types\/product"}],"wp:featuredmedia":[{"embeddable":true,"href":"https:\/\/www.galerie-scrapbooking.com\/en\/wp-json\/wp\/v2\/media\/9985"}],"wp:attachment":[{"href":"https:\/\/www.galerie-scrapbooking.com\/en\/wp-json\/wp\/v2\/media?parent=9984"}],"wp:term":[{"taxonomy":"product_brand","embeddable":true,"href":"https:\/\/www.galerie-scrapbooking.com\/en\/wp-json\/wp\/v2\/product_brand?post=9984"},{"taxonomy":"product_cat","embeddable":true,"href":"https:\/\/www.galerie-scrapbooking.com\/en\/wp-json\/wp\/v2\/product_cat?post=9984"},{"taxonomy":"product_tag","embeddable":true,"href":"https:\/\/www.galerie-scrapbooking.com\/en\/wp-json\/wp\/v2\/product_tag?post=9984"}],"curies":[{"name":"wp","href":"https:\/\/api.w.org\/{rel}","templated":true}]}}