{"id":9939,"date":"2022-01-13T17:46:22","date_gmt":"2022-01-13T17:46:22","guid":{"rendered":"https:\/\/commparlimage.ca\/garage\/herazz\/?product=presse-pour-etampe-stamping-buddy-pro"},"modified":"2026-01-21T11:47:21","modified_gmt":"2026-01-21T16:47:21","slug":"presse-pour-etampe-stamping-buddy-pro","status":"publish","type":"product","link":"https:\/\/www.galerie-scrapbooking.com\/en\/produit\/presse-pour-etampe-stamping-buddy-pro\/","title":{"rendered":"Presse pour \u00e9tampe Stamping Buddy Pro"},"content":{"rendered":"<h1>Presse pour \u00e9tampe Stamping Buddy Pro<\/h1>\n<p>Cette plate-forme d&#8217;estampage facile \u00e0 utiliser vous donnera des r\u00e9sultats professionnels \u00e0 chaque fois !<\/p>\n<p>Positionnez simplement votre papier cartonn\u00e9 sur la plate-forme \u00e0 l&#8217;aide des bords lign\u00e9s pratiques, utilisez les aimants inclus pour maintenir votre papier cartonn\u00e9 en place et collez votre tampon sur le dessus transparent de la plate-forme d&#8217;estampage.<\/p>\n<p>Vous serez en mesure de positionner vos tampons parfaitement pour les meilleurs r\u00e9sultats \u00e0 chaque fois.<\/p>\n<p>Comprend un tapis en mousse \u00e0 utiliser avec des tampons transparents. Comprend 2 aimants fins et puissants pour positionner le papier cartonn\u00e9. (Aimants suppl\u00e9mentaires disponibles).<\/p>\n<p>Dimensions de la zone de marquage : 7.0 x 8,25 pouces.<\/p>\n<p>Dimensions totales : 8,5 x 9,5 pouces.<\/p>\n<p>Vid\u00e9o de d\u00e9monstration:<br \/>\n<iframe loading=\"lazy\" title=\"YouTube video player\" src=\"https:\/\/www.youtube.com\/embed\/KCaXFtb8aY0?si=33aD_uRdkNxnoBLD\" width=\"560\" height=\"315\" frameborder=\"0\" allowfullscreen=\"allowfullscreen\"><\/iframe><\/p>\n","protected":false},"excerpt":{"rendered":"<p>Nellie&#8217;s Choice Stamping Buddy Pro<\/p>\n","protected":false},"featured_media":9940,"template":"","meta":{"_acf_changed":false},"product_brand":[],"product_cat":[123,132],"product_tag":[],"class_list":{"0":"post-9939","1":"product","2":"type-product","3":"status-publish","4":"has-post-thumbnail","6":"product_cat-etampe-scrapbooking-accessoires","7":"product_cat-outils-accessoires-autres","8":"pa_brand_nc-nellies-choice","10":"first","11":"instock","12":"taxable","13":"shipping-taxable","14":"purchasable","15":"product-type-simple"},"acf":[],"aioseo_notices":[],"_links":{"self":[{"href":"https:\/\/www.galerie-scrapbooking.com\/en\/wp-json\/wp\/v2\/product\/9939","targetHints":{"allow":["GET"]}}],"collection":[{"href":"https:\/\/www.galerie-scrapbooking.com\/en\/wp-json\/wp\/v2\/product"}],"about":[{"href":"https:\/\/www.galerie-scrapbooking.com\/en\/wp-json\/wp\/v2\/types\/product"}],"wp:featuredmedia":[{"embeddable":true,"href":"https:\/\/www.galerie-scrapbooking.com\/en\/wp-json\/wp\/v2\/media\/9940"}],"wp:attachment":[{"href":"https:\/\/www.galerie-scrapbooking.com\/en\/wp-json\/wp\/v2\/media?parent=9939"}],"wp:term":[{"taxonomy":"product_brand","embeddable":true,"href":"https:\/\/www.galerie-scrapbooking.com\/en\/wp-json\/wp\/v2\/product_brand?post=9939"},{"taxonomy":"product_cat","embeddable":true,"href":"https:\/\/www.galerie-scrapbooking.com\/en\/wp-json\/wp\/v2\/product_cat?post=9939"},{"taxonomy":"product_tag","embeddable":true,"href":"https:\/\/www.galerie-scrapbooking.com\/en\/wp-json\/wp\/v2\/product_tag?post=9939"}],"curies":[{"name":"wp","href":"https:\/\/api.w.org\/{rel}","templated":true}]}}