{"id":9928,"date":"2022-01-13T17:14:26","date_gmt":"2022-01-13T17:14:26","guid":{"rendered":"https:\/\/commparlimage.ca\/garage\/herazz\/?product=marianne-design-dies-chats-en-amour"},"modified":"2024-04-26T19:42:56","modified_gmt":"2024-04-26T23:42:56","slug":"marianne-design-dies-chats-en-amour","status":"publish","type":"product","link":"https:\/\/www.galerie-scrapbooking.com\/en\/produit\/marianne-design-dies-chats-en-amour\/","title":{"rendered":"Marianne Design Dies Chats en Amour"},"content":{"rendered":"<p>Marianne Design matrices de d\u00e9coupe, fonctionnent avec la plupart des machines telles que: Grand Calibur, Big Shot et autres du m\u00eame genre.<\/p>\n<p>Les matrices de d\u00e9coupe Marianne Design sont \u00e0 utiliser avec une machine de d\u00e9coupe pour d\u00e9couper rapidement et facilement de belles formes, cadres et bordures pour la fabrication de cartes, le scrapbooking et d&#8217;autres projets d&#8217;artisanat.<\/p>\n<p>1 pi\u00e8ce, taille : 45.0 x 46.0 mm.<\/p>\n","protected":false},"excerpt":{"rendered":"<p>Marianne Design Creatables Die &#8211; Cats in Love<\/p>\n","protected":false},"featured_media":31299,"template":"","meta":{"_acf_changed":false},"product_brand":[],"product_cat":[406],"product_tag":[],"class_list":{"0":"post-9928","1":"product","2":"type-product","3":"status-publish","4":"has-post-thumbnail","6":"product_cat-marianne-design-matrices","7":"pa_brand_nc-marianne-designs","9":"first","10":"instock","11":"taxable","12":"shipping-taxable","13":"purchasable","14":"product-type-simple"},"acf":[],"aioseo_notices":[],"_links":{"self":[{"href":"https:\/\/www.galerie-scrapbooking.com\/en\/wp-json\/wp\/v2\/product\/9928","targetHints":{"allow":["GET"]}}],"collection":[{"href":"https:\/\/www.galerie-scrapbooking.com\/en\/wp-json\/wp\/v2\/product"}],"about":[{"href":"https:\/\/www.galerie-scrapbooking.com\/en\/wp-json\/wp\/v2\/types\/product"}],"wp:featuredmedia":[{"embeddable":true,"href":"https:\/\/www.galerie-scrapbooking.com\/en\/wp-json\/wp\/v2\/media\/31299"}],"wp:attachment":[{"href":"https:\/\/www.galerie-scrapbooking.com\/en\/wp-json\/wp\/v2\/media?parent=9928"}],"wp:term":[{"taxonomy":"product_brand","embeddable":true,"href":"https:\/\/www.galerie-scrapbooking.com\/en\/wp-json\/wp\/v2\/product_brand?post=9928"},{"taxonomy":"product_cat","embeddable":true,"href":"https:\/\/www.galerie-scrapbooking.com\/en\/wp-json\/wp\/v2\/product_cat?post=9928"},{"taxonomy":"product_tag","embeddable":true,"href":"https:\/\/www.galerie-scrapbooking.com\/en\/wp-json\/wp\/v2\/product_tag?post=9928"}],"curies":[{"name":"wp","href":"https:\/\/api.w.org\/{rel}","templated":true}]}}