{"id":9881,"date":"2022-01-05T18:04:18","date_gmt":"2022-01-05T18:04:18","guid":{"rendered":"https:\/\/commparlimage.ca\/garage\/herazz\/?product=couteaux-a-palette-en-plastique"},"modified":"2024-06-11T15:34:56","modified_gmt":"2024-06-11T19:34:56","slug":"couteaux-a-palette-en-plastique","status":"publish","type":"product","link":"https:\/\/www.galerie-scrapbooking.com\/en\/produit\/couteaux-a-palette-en-plastique\/","title":{"rendered":"Couteaux \u00e0 palette en plastique"},"content":{"rendered":"<p>Utilisez pour m\u00e9langer les couleurs et appliquer des p\u00e2tes, de la peinture et des m\u00e9diums.<\/p>\n<p>Ensemble de 3.<\/p>\n","protected":false},"excerpt":{"rendered":"<p>Plastic Palette Knives 3\/Pkg<\/p>\n","protected":false},"featured_media":9882,"template":"","meta":{"_acf_changed":false},"product_brand":[],"product_cat":[115,132],"product_tag":[],"class_list":{"0":"post-9881","1":"product","2":"type-product","3":"status-publish","4":"has-post-thumbnail","6":"product_cat-encres-accessoires","7":"product_cat-outils-accessoires-autres","8":"pa_brand_nc-autres","10":"first","11":"instock","12":"taxable","13":"shipping-taxable","14":"purchasable","15":"product-type-simple"},"acf":[],"aioseo_notices":[],"_links":{"self":[{"href":"https:\/\/www.galerie-scrapbooking.com\/en\/wp-json\/wp\/v2\/product\/9881","targetHints":{"allow":["GET"]}}],"collection":[{"href":"https:\/\/www.galerie-scrapbooking.com\/en\/wp-json\/wp\/v2\/product"}],"about":[{"href":"https:\/\/www.galerie-scrapbooking.com\/en\/wp-json\/wp\/v2\/types\/product"}],"wp:featuredmedia":[{"embeddable":true,"href":"https:\/\/www.galerie-scrapbooking.com\/en\/wp-json\/wp\/v2\/media\/9882"}],"wp:attachment":[{"href":"https:\/\/www.galerie-scrapbooking.com\/en\/wp-json\/wp\/v2\/media?parent=9881"}],"wp:term":[{"taxonomy":"product_brand","embeddable":true,"href":"https:\/\/www.galerie-scrapbooking.com\/en\/wp-json\/wp\/v2\/product_brand?post=9881"},{"taxonomy":"product_cat","embeddable":true,"href":"https:\/\/www.galerie-scrapbooking.com\/en\/wp-json\/wp\/v2\/product_cat?post=9881"},{"taxonomy":"product_tag","embeddable":true,"href":"https:\/\/www.galerie-scrapbooking.com\/en\/wp-json\/wp\/v2\/product_tag?post=9881"}],"curies":[{"name":"wp","href":"https:\/\/api.w.org\/{rel}","templated":true}]}}