{"id":9866,"date":"2021-12-22T18:38:52","date_gmt":"2021-12-22T18:38:52","guid":{"rendered":"https:\/\/commparlimage.ca\/garage\/herazz\/?product=posca-marqueur-pointe-fine-violet"},"modified":"2025-03-12T10:55:51","modified_gmt":"2025-03-12T14:55:51","slug":"posca-marqueur-pointe-fine-violet","status":"publish","type":"product","link":"https:\/\/www.galerie-scrapbooking.com\/en\/produit\/posca-marqueur-pointe-fine-violet\/","title":{"rendered":"POSCA Marqueur Pointe Fine Violet"},"content":{"rendered":"<h1>POSCA Marqueur Pointe Fine Violet<\/h1>\n<p>Ce marqueur \u00e0 pointe ogive d&#8217;Uni Posca est parfait pour cr\u00e9er des illustrations et des motifs complexes sur vos pages de scrapbooking. Vous pouvez \u00e9galement l&#8217;utiliser pour d\u00e9corer des photos et des projets multim\u00e9dias.<\/p>\n<p>Des d\u00e9tails:<\/p>\n<p>Disponible en plusieurs couleurs<\/p>\n<p>Pointe de 1,5 mm<\/p>\n<p>Pointe fine<\/p>\n<p>Encre \u00e0 s\u00e9chage rapide<\/p>\n<p>R\u00e9sistant aux UV<\/p>\n<p>Pour usage int\u00e9rieur et ext\u00e9rieur<\/p>\n","protected":false},"excerpt":{"rendered":"<p>POSCA 3M Fine Bullet Tip Pen &#8211; Violet<\/p>\n","protected":false},"featured_media":9867,"template":"","meta":{"_acf_changed":false},"product_brand":[],"product_cat":[404],"product_tag":[],"class_list":{"0":"post-9866","1":"product","2":"type-product","3":"status-publish","4":"has-post-thumbnail","6":"product_cat-marqueur-posca","7":"pa_brand_nc-autres","9":"first","10":"instock","11":"taxable","12":"shipping-taxable","13":"purchasable","14":"product-type-simple"},"acf":[],"aioseo_notices":[],"_links":{"self":[{"href":"https:\/\/www.galerie-scrapbooking.com\/en\/wp-json\/wp\/v2\/product\/9866","targetHints":{"allow":["GET"]}}],"collection":[{"href":"https:\/\/www.galerie-scrapbooking.com\/en\/wp-json\/wp\/v2\/product"}],"about":[{"href":"https:\/\/www.galerie-scrapbooking.com\/en\/wp-json\/wp\/v2\/types\/product"}],"wp:featuredmedia":[{"embeddable":true,"href":"https:\/\/www.galerie-scrapbooking.com\/en\/wp-json\/wp\/v2\/media\/9867"}],"wp:attachment":[{"href":"https:\/\/www.galerie-scrapbooking.com\/en\/wp-json\/wp\/v2\/media?parent=9866"}],"wp:term":[{"taxonomy":"product_brand","embeddable":true,"href":"https:\/\/www.galerie-scrapbooking.com\/en\/wp-json\/wp\/v2\/product_brand?post=9866"},{"taxonomy":"product_cat","embeddable":true,"href":"https:\/\/www.galerie-scrapbooking.com\/en\/wp-json\/wp\/v2\/product_cat?post=9866"},{"taxonomy":"product_tag","embeddable":true,"href":"https:\/\/www.galerie-scrapbooking.com\/en\/wp-json\/wp\/v2\/product_tag?post=9866"}],"curies":[{"name":"wp","href":"https:\/\/api.w.org\/{rel}","templated":true}]}}