{"id":9854,"date":"2021-12-14T18:04:33","date_gmt":"2021-12-14T18:04:33","guid":{"rendered":"https:\/\/commparlimage.ca\/garage\/herazz\/?product=doodlebug-washi-tape-neige"},"modified":"2025-11-26T21:44:04","modified_gmt":"2025-11-27T02:44:04","slug":"doodlebug-washi-tape-neige","status":"publish","type":"product","link":"https:\/\/www.galerie-scrapbooking.com\/en\/produit\/doodlebug-washi-tape-neige\/","title":{"rendered":"Doodlebug Washi Tape Neige"},"content":{"rendered":"<p>Washi Tape. Rubans de papier parfaits pour l&#8217;\u00e9laboration de projets de scrapbooking. Ils sont disponibles dans une vari\u00e9t\u00e9 de couleurs et de mod\u00e8les pour r\u00e9pondre \u00e0 n&#8217;importe quel style de conception.<\/p>\n<p>Longueur; 12 verges<\/p>\n<p>Largeurs: 15mm<\/p>\n","protected":false},"excerpt":{"rendered":"<p>Doodlebug Washi Tape 15mmx12yd &#8211; Let It Snow<\/p>\n","protected":false},"featured_media":9855,"template":"","meta":{"_acf_changed":false},"product_brand":[],"product_cat":[45,217],"product_tag":[],"class_list":{"0":"post-9854","1":"product","2":"type-product","3":"status-publish","4":"has-post-thumbnail","6":"product_cat-adhesifs-autres","7":"product_cat-washi-tape-scrapbooking","8":"pa_brand_nc-doodlebug","10":"first","11":"instock","12":"taxable","13":"shipping-taxable","14":"purchasable","15":"product-type-simple"},"acf":[],"aioseo_notices":[],"_links":{"self":[{"href":"https:\/\/www.galerie-scrapbooking.com\/en\/wp-json\/wp\/v2\/product\/9854","targetHints":{"allow":["GET"]}}],"collection":[{"href":"https:\/\/www.galerie-scrapbooking.com\/en\/wp-json\/wp\/v2\/product"}],"about":[{"href":"https:\/\/www.galerie-scrapbooking.com\/en\/wp-json\/wp\/v2\/types\/product"}],"wp:featuredmedia":[{"embeddable":true,"href":"https:\/\/www.galerie-scrapbooking.com\/en\/wp-json\/wp\/v2\/media\/9855"}],"wp:attachment":[{"href":"https:\/\/www.galerie-scrapbooking.com\/en\/wp-json\/wp\/v2\/media?parent=9854"}],"wp:term":[{"taxonomy":"product_brand","embeddable":true,"href":"https:\/\/www.galerie-scrapbooking.com\/en\/wp-json\/wp\/v2\/product_brand?post=9854"},{"taxonomy":"product_cat","embeddable":true,"href":"https:\/\/www.galerie-scrapbooking.com\/en\/wp-json\/wp\/v2\/product_cat?post=9854"},{"taxonomy":"product_tag","embeddable":true,"href":"https:\/\/www.galerie-scrapbooking.com\/en\/wp-json\/wp\/v2\/product_tag?post=9854"}],"curies":[{"name":"wp","href":"https:\/\/api.w.org\/{rel}","templated":true}]}}