{"id":9829,"date":"2021-12-01T15:59:04","date_gmt":"2021-12-01T15:59:04","guid":{"rendered":"https:\/\/commparlimage.ca\/garage\/herazz\/?product=sizzix-2-enveloppes-de-plastique-625-x-90"},"modified":"2025-02-08T10:01:41","modified_gmt":"2025-02-08T15:01:41","slug":"sizzix-2-enveloppes-de-plastique-6-25-x-9-0","status":"publish","type":"product","link":"https:\/\/www.galerie-scrapbooking.com\/en\/produit\/sizzix-2-enveloppes-de-plastique-6-25-x-9-0\/","title":{"rendered":"Sizzix 2 enveloppes de plastique 6.25&#8243; X 9.0&#8243;"},"content":{"rendered":"<p>De Sizzix,<\/p>\n<p>Les enveloppes sont con\u00e7ues pour prot\u00e9ger parfaitement les matrices Framelits et les chemises de gaufrage Textured Impressions, Texture Fades etc.<\/p>\n<p>Id\u00e9al \u00e9galement pour ranger des \u00e9tampes et d&#8217;autres accessoires d&#8217;artisanat.<\/p>\n<p>Ils peuvent \u00eatre facilement \u00e9tiquet\u00e9s pour une identification rapide.<\/p>\n","protected":false},"excerpt":{"rendered":"<p>Sizzix Plastic Envelopes 2\/Pkg<\/p>\n","protected":false},"featured_media":9830,"template":"","meta":{"_acf_changed":false},"product_brand":[],"product_cat":[231,238,87],"product_tag":[],"class_list":{"0":"post-9829","1":"product","2":"type-product","3":"status-publish","4":"has-post-thumbnail","6":"product_cat-sizzix-accessoires","7":"product_cat-rangements-scrapbooking","8":"product_cat-sizzix","9":"pa_brand_nc-sizzix","11":"first","12":"instock","13":"taxable","14":"shipping-taxable","15":"purchasable","16":"product-type-simple"},"acf":[],"aioseo_notices":[],"_links":{"self":[{"href":"https:\/\/www.galerie-scrapbooking.com\/en\/wp-json\/wp\/v2\/product\/9829","targetHints":{"allow":["GET"]}}],"collection":[{"href":"https:\/\/www.galerie-scrapbooking.com\/en\/wp-json\/wp\/v2\/product"}],"about":[{"href":"https:\/\/www.galerie-scrapbooking.com\/en\/wp-json\/wp\/v2\/types\/product"}],"wp:featuredmedia":[{"embeddable":true,"href":"https:\/\/www.galerie-scrapbooking.com\/en\/wp-json\/wp\/v2\/media\/9830"}],"wp:attachment":[{"href":"https:\/\/www.galerie-scrapbooking.com\/en\/wp-json\/wp\/v2\/media?parent=9829"}],"wp:term":[{"taxonomy":"product_brand","embeddable":true,"href":"https:\/\/www.galerie-scrapbooking.com\/en\/wp-json\/wp\/v2\/product_brand?post=9829"},{"taxonomy":"product_cat","embeddable":true,"href":"https:\/\/www.galerie-scrapbooking.com\/en\/wp-json\/wp\/v2\/product_cat?post=9829"},{"taxonomy":"product_tag","embeddable":true,"href":"https:\/\/www.galerie-scrapbooking.com\/en\/wp-json\/wp\/v2\/product_tag?post=9829"}],"curies":[{"name":"wp","href":"https:\/\/api.w.org\/{rel}","templated":true}]}}