{"id":9759,"date":"2021-11-14T19:51:13","date_gmt":"2021-11-14T19:51:13","guid":{"rendered":"https:\/\/commparlimage.ca\/garage\/herazz\/?product=lavinia-bloc-acrylique-59-x-20-pouces"},"modified":"2025-11-03T13:10:44","modified_gmt":"2025-11-03T18:10:44","slug":"lavinia-bloc-acrylique-5-9-x-2-0-pouces","status":"publish","type":"product","link":"https:\/\/www.galerie-scrapbooking.com\/en\/produit\/lavinia-bloc-acrylique-5-9-x-2-0-pouces\/","title":{"rendered":"Lavinia Bloc acrylique 5.9 x 2.0 pouces"},"content":{"rendered":"<h1>Lavinia Bloc acrylique 5.9 x 2.0 pouces<\/h1>\n<p>De Lavinia, blocs acryliques de qualit\u00e9 sup\u00e9rieure, parfaits pour une utilisation avec les tampons polym\u00e8res Lavinia, durables, faciles \u00e0 nettoyer et disponibles en diff\u00e9rentes tailles exclusives.<\/p>\n<p>Grandeur : 5.9 x 2.0 pouces &#8211; 150 x 50 mm.<\/p>\n","protected":false},"excerpt":{"rendered":"<p>Premium Quality Acrylic Boards &#8211; 150 x 50 mm.<\/p>\n","protected":false},"featured_media":9760,"template":"","meta":{"_acf_changed":false},"product_brand":[],"product_cat":[123],"product_tag":[],"class_list":{"0":"post-9759","1":"product","2":"type-product","3":"status-publish","4":"has-post-thumbnail","6":"product_cat-etampe-scrapbooking-accessoires","7":"pa_brand_nc-lavinia","9":"first","10":"instock","11":"taxable","12":"shipping-taxable","13":"purchasable","14":"product-type-simple"},"acf":[],"aioseo_notices":[],"_links":{"self":[{"href":"https:\/\/www.galerie-scrapbooking.com\/en\/wp-json\/wp\/v2\/product\/9759","targetHints":{"allow":["GET"]}}],"collection":[{"href":"https:\/\/www.galerie-scrapbooking.com\/en\/wp-json\/wp\/v2\/product"}],"about":[{"href":"https:\/\/www.galerie-scrapbooking.com\/en\/wp-json\/wp\/v2\/types\/product"}],"wp:featuredmedia":[{"embeddable":true,"href":"https:\/\/www.galerie-scrapbooking.com\/en\/wp-json\/wp\/v2\/media\/9760"}],"wp:attachment":[{"href":"https:\/\/www.galerie-scrapbooking.com\/en\/wp-json\/wp\/v2\/media?parent=9759"}],"wp:term":[{"taxonomy":"product_brand","embeddable":true,"href":"https:\/\/www.galerie-scrapbooking.com\/en\/wp-json\/wp\/v2\/product_brand?post=9759"},{"taxonomy":"product_cat","embeddable":true,"href":"https:\/\/www.galerie-scrapbooking.com\/en\/wp-json\/wp\/v2\/product_cat?post=9759"},{"taxonomy":"product_tag","embeddable":true,"href":"https:\/\/www.galerie-scrapbooking.com\/en\/wp-json\/wp\/v2\/product_tag?post=9759"}],"curies":[{"name":"wp","href":"https:\/\/api.w.org\/{rel}","templated":true}]}}