{"id":9757,"date":"2021-11-14T19:49:15","date_gmt":"2021-11-14T19:49:15","guid":{"rendered":"https:\/\/commparlimage.ca\/garage\/herazz\/?product=lavinia-bloc-acrylique-116-x-83-pouces"},"modified":"2024-11-25T13:39:39","modified_gmt":"2024-11-25T18:39:39","slug":"lavinia-bloc-acrylique-11-6-x-8-3-pouces","status":"publish","type":"product","link":"https:\/\/www.galerie-scrapbooking.com\/en\/produit\/lavinia-bloc-acrylique-11-6-x-8-3-pouces\/","title":{"rendered":"Lavinia Bloc acrylique 11.6 x 8.3 pouces"},"content":{"rendered":"<p>De Lavinia, blocs acryliques de qualit\u00e9 sup\u00e9rieure, parfaits pour une utilisation avec les tampons polym\u00e8res Lavinia, durables, faciles \u00e0 nettoyer et disponibles en diff\u00e9rentes tailles exclusives.<\/p>\n<p>Grandeur : 11.6 x 8.3 pouces &#8211; 295 x 210 mm.<\/p>\n","protected":false},"excerpt":{"rendered":"<p>Premium Quality Acrylic Boards &#8211; 295 x 210 mm.<\/p>\n","protected":false},"featured_media":9758,"template":"","meta":{"_acf_changed":false},"product_brand":[],"product_cat":[123],"product_tag":[],"class_list":{"0":"post-9757","1":"product","2":"type-product","3":"status-publish","4":"has-post-thumbnail","6":"product_cat-etampe-scrapbooking-accessoires","7":"pa_brand_nc-lavinia","9":"first","10":"instock","11":"taxable","12":"shipping-taxable","13":"purchasable","14":"product-type-simple"},"acf":[],"aioseo_notices":[],"_links":{"self":[{"href":"https:\/\/www.galerie-scrapbooking.com\/en\/wp-json\/wp\/v2\/product\/9757","targetHints":{"allow":["GET"]}}],"collection":[{"href":"https:\/\/www.galerie-scrapbooking.com\/en\/wp-json\/wp\/v2\/product"}],"about":[{"href":"https:\/\/www.galerie-scrapbooking.com\/en\/wp-json\/wp\/v2\/types\/product"}],"wp:featuredmedia":[{"embeddable":true,"href":"https:\/\/www.galerie-scrapbooking.com\/en\/wp-json\/wp\/v2\/media\/9758"}],"wp:attachment":[{"href":"https:\/\/www.galerie-scrapbooking.com\/en\/wp-json\/wp\/v2\/media?parent=9757"}],"wp:term":[{"taxonomy":"product_brand","embeddable":true,"href":"https:\/\/www.galerie-scrapbooking.com\/en\/wp-json\/wp\/v2\/product_brand?post=9757"},{"taxonomy":"product_cat","embeddable":true,"href":"https:\/\/www.galerie-scrapbooking.com\/en\/wp-json\/wp\/v2\/product_cat?post=9757"},{"taxonomy":"product_tag","embeddable":true,"href":"https:\/\/www.galerie-scrapbooking.com\/en\/wp-json\/wp\/v2\/product_tag?post=9757"}],"curies":[{"name":"wp","href":"https:\/\/api.w.org\/{rel}","templated":true}]}}