{"id":9743,"date":"2021-11-09T14:07:03","date_gmt":"2021-11-09T14:07:03","guid":{"rendered":"https:\/\/commparlimage.ca\/garage\/herazz\/?product=signo-uni-ball-ensemble-or-argent-blanc"},"modified":"2025-08-18T15:41:18","modified_gmt":"2025-08-18T19:41:18","slug":"signo-uni-ball-ensemble-or-argent-blanc","status":"publish","type":"product","link":"https:\/\/www.galerie-scrapbooking.com\/en\/produit\/signo-uni-ball-ensemble-or-argent-blanc\/","title":{"rendered":"Signo Uni-Ball Ensemble Or Argent &#038; Blanc"},"content":{"rendered":"<p>Les stylos gel Gel Impact sont dot\u00e9s d&#8217;une pointe \u00e0 bille roulante et d&#8217;une poign\u00e9e en caoutchouc lisse qui offre un confort et un contr\u00f4le sup\u00e9rieurs.<\/p>\n<p>Les stylos ont un design \u00e9l\u00e9gant avec un \u00e9clat m\u00e9tallique et produisent des lignes \u00e9paisses et vibrantes.<\/p>\n<p>Leur Super Encre prot\u00e8ge contre l&#8217;eau, la d\u00e9coloration etc..<\/p>\n<p>D\u00e9p\u00f4t d&#8217;encre gras (bold) 1mm.<\/p>\n","protected":false},"excerpt":{"rendered":"<p>Uni-Ball Gel Impact Pen 3\/Pkg Bold 1mm.<\/p>\n","protected":false},"featured_media":9744,"template":"","meta":{"_acf_changed":false},"product_brand":[],"product_cat":[78],"product_tag":[],"class_list":{"0":"post-9743","1":"product","2":"type-product","3":"status-publish","4":"has-post-thumbnail","6":"product_cat-signo-sakura","7":"pa_brand_nc-ek-success","9":"first","10":"instock","11":"taxable","12":"shipping-taxable","13":"purchasable","14":"product-type-simple"},"acf":[],"aioseo_notices":[],"_links":{"self":[{"href":"https:\/\/www.galerie-scrapbooking.com\/en\/wp-json\/wp\/v2\/product\/9743","targetHints":{"allow":["GET"]}}],"collection":[{"href":"https:\/\/www.galerie-scrapbooking.com\/en\/wp-json\/wp\/v2\/product"}],"about":[{"href":"https:\/\/www.galerie-scrapbooking.com\/en\/wp-json\/wp\/v2\/types\/product"}],"wp:featuredmedia":[{"embeddable":true,"href":"https:\/\/www.galerie-scrapbooking.com\/en\/wp-json\/wp\/v2\/media\/9744"}],"wp:attachment":[{"href":"https:\/\/www.galerie-scrapbooking.com\/en\/wp-json\/wp\/v2\/media?parent=9743"}],"wp:term":[{"taxonomy":"product_brand","embeddable":true,"href":"https:\/\/www.galerie-scrapbooking.com\/en\/wp-json\/wp\/v2\/product_brand?post=9743"},{"taxonomy":"product_cat","embeddable":true,"href":"https:\/\/www.galerie-scrapbooking.com\/en\/wp-json\/wp\/v2\/product_cat?post=9743"},{"taxonomy":"product_tag","embeddable":true,"href":"https:\/\/www.galerie-scrapbooking.com\/en\/wp-json\/wp\/v2\/product_tag?post=9743"}],"curies":[{"name":"wp","href":"https:\/\/api.w.org\/{rel}","templated":true}]}}