{"id":9711,"date":"2021-11-03T13:16:34","date_gmt":"2021-11-03T13:16:34","guid":{"rendered":"https:\/\/commparlimage.ca\/garage\/herazz\/?product=memory-box-pierres-precieuses-autocollantes-coffre-au-tresor"},"modified":"2024-08-21T10:55:09","modified_gmt":"2024-08-21T14:55:09","slug":"memory-box-pierres-precieuses-autocollantes-coffre-au-tresor","status":"publish","type":"product","link":"https:\/\/www.galerie-scrapbooking.com\/en\/produit\/memory-box-pierres-precieuses-autocollantes-coffre-au-tresor\/","title":{"rendered":"Memory Box Pierres pr\u00e9cieuses autocollantes Coffre au Tr\u00e9sor"},"content":{"rendered":"<p>De Memory Box. Ajoutez de l&#8217;\u00e9clat suppl\u00e9mentaire \u00e0 votre fabrication de cartes et \u00e0 d&#8217;autres projets avec des cristaux de toute beaut\u00e9.<\/p>\n<p>Chaque paquet contient 50 embellissements de 5 mm.<\/p>\n","protected":false},"excerpt":{"rendered":"<p>Memory Box Self-Adhesive Fairy Gemstones 50\/Pkg &#8211; Treasure Chest<\/p>\n","protected":false},"featured_media":9712,"template":"","meta":{"_acf_changed":false},"product_brand":[],"product_cat":[84],"product_tag":[],"class_list":{"0":"post-9711","1":"product","2":"type-product","3":"status-publish","4":"has-post-thumbnail","6":"product_cat-bijou-autre-scrapbooking","7":"pa_brand_nc-memory-box","9":"first","10":"instock","11":"taxable","12":"shipping-taxable","13":"purchasable","14":"product-type-simple"},"acf":[],"aioseo_notices":[],"_links":{"self":[{"href":"https:\/\/www.galerie-scrapbooking.com\/en\/wp-json\/wp\/v2\/product\/9711","targetHints":{"allow":["GET"]}}],"collection":[{"href":"https:\/\/www.galerie-scrapbooking.com\/en\/wp-json\/wp\/v2\/product"}],"about":[{"href":"https:\/\/www.galerie-scrapbooking.com\/en\/wp-json\/wp\/v2\/types\/product"}],"wp:featuredmedia":[{"embeddable":true,"href":"https:\/\/www.galerie-scrapbooking.com\/en\/wp-json\/wp\/v2\/media\/9712"}],"wp:attachment":[{"href":"https:\/\/www.galerie-scrapbooking.com\/en\/wp-json\/wp\/v2\/media?parent=9711"}],"wp:term":[{"taxonomy":"product_brand","embeddable":true,"href":"https:\/\/www.galerie-scrapbooking.com\/en\/wp-json\/wp\/v2\/product_brand?post=9711"},{"taxonomy":"product_cat","embeddable":true,"href":"https:\/\/www.galerie-scrapbooking.com\/en\/wp-json\/wp\/v2\/product_cat?post=9711"},{"taxonomy":"product_tag","embeddable":true,"href":"https:\/\/www.galerie-scrapbooking.com\/en\/wp-json\/wp\/v2\/product_tag?post=9711"}],"curies":[{"name":"wp","href":"https:\/\/api.w.org\/{rel}","templated":true}]}}