{"id":9703,"date":"2021-11-03T13:05:24","date_gmt":"2021-11-03T13:05:24","guid":{"rendered":"https:\/\/commparlimage.ca\/garage\/herazz\/?product=tim-holtz-idea-ology-ornements-cranes-araignees"},"modified":"2025-11-28T11:02:47","modified_gmt":"2025-11-28T16:02:47","slug":"tim-holtz-idea-ology-ornements-cranes-araignees","status":"publish","type":"product","link":"https:\/\/www.galerie-scrapbooking.com\/en\/produit\/tim-holtz-idea-ology-ornements-cranes-araignees\/","title":{"rendered":"Tim Holtz Idea-Ology Ornements Cr\u00e2nes &#038; Araign\u00e9es"},"content":{"rendered":"<p>Tim Holtz Idea-Ology Idea ology fl&egrave;ches, embellissements en m\u00e9tal pour vos cartes, pages ou &eacute;tiquettes de scrapbooking.<\/p>\n<p>6 embellissements par paquet<\/p>\n","protected":false},"excerpt":{"rendered":"<p>Idea-Ology Tiny Metal Bells 6\/Pkg &#8211; Skulls &#038; Spiders<\/p>\n","protected":false},"featured_media":9704,"template":"","meta":{"_acf_changed":false},"product_brand":[],"product_cat":[99],"product_tag":[],"class_list":{"0":"post-9703","1":"product","2":"type-product","3":"status-publish","4":"has-post-thumbnail","6":"product_cat-tim-holtz-scrapbooking","7":"pa_brand_nc-tim-holtz","9":"first","10":"instock","11":"taxable","12":"shipping-taxable","13":"purchasable","14":"product-type-simple"},"acf":[],"aioseo_notices":[],"_links":{"self":[{"href":"https:\/\/www.galerie-scrapbooking.com\/en\/wp-json\/wp\/v2\/product\/9703","targetHints":{"allow":["GET"]}}],"collection":[{"href":"https:\/\/www.galerie-scrapbooking.com\/en\/wp-json\/wp\/v2\/product"}],"about":[{"href":"https:\/\/www.galerie-scrapbooking.com\/en\/wp-json\/wp\/v2\/types\/product"}],"wp:featuredmedia":[{"embeddable":true,"href":"https:\/\/www.galerie-scrapbooking.com\/en\/wp-json\/wp\/v2\/media\/9704"}],"wp:attachment":[{"href":"https:\/\/www.galerie-scrapbooking.com\/en\/wp-json\/wp\/v2\/media?parent=9703"}],"wp:term":[{"taxonomy":"product_brand","embeddable":true,"href":"https:\/\/www.galerie-scrapbooking.com\/en\/wp-json\/wp\/v2\/product_brand?post=9703"},{"taxonomy":"product_cat","embeddable":true,"href":"https:\/\/www.galerie-scrapbooking.com\/en\/wp-json\/wp\/v2\/product_cat?post=9703"},{"taxonomy":"product_tag","embeddable":true,"href":"https:\/\/www.galerie-scrapbooking.com\/en\/wp-json\/wp\/v2\/product_tag?post=9703"}],"curies":[{"name":"wp","href":"https:\/\/api.w.org\/{rel}","templated":true}]}}