{"id":9693,"date":"2021-10-26T15:19:56","date_gmt":"2021-10-26T15:19:56","guid":{"rendered":"https:\/\/commparlimage.ca\/garage\/herazz\/?product=memory-box-mini-bijoux-autocollants-automne"},"modified":"2025-10-29T11:44:56","modified_gmt":"2025-10-29T15:44:56","slug":"memory-box-mini-bijoux-autocollants-automne","status":"publish","type":"product","link":"https:\/\/www.galerie-scrapbooking.com\/en\/produit\/memory-box-mini-bijoux-autocollants-automne\/","title":{"rendered":"Memory Box mini Bijoux autocollants Automne"},"content":{"rendered":"<h1>Memory Box mini Bijoux autocollants Automne<\/h1>\n<p>De Memory Box. Ajoutez de l&#8217;\u00e9clat suppl\u00e9mentaire \u00e0 votre fabrication de cartes et \u00e0 d&#8217;autres projets avec des cristaux de toute beaut\u00e9.<\/p>\n<p>Chaque paquet contient 300 embellissements de 3mm.<\/p>\n","protected":false},"excerpt":{"rendered":"<p>Memory Box Self-Adhesive Fairy Jewels 300\/Pkg &#8211; Autumn<\/p>\n","protected":false},"featured_media":9694,"template":"","meta":{"_acf_changed":false},"product_brand":[],"product_cat":[84],"product_tag":[],"class_list":{"0":"post-9693","1":"product","2":"type-product","3":"status-publish","4":"has-post-thumbnail","6":"product_cat-bijou-autre-scrapbooking","7":"pa_brand_nc-memory-box","9":"first","10":"instock","11":"taxable","12":"shipping-taxable","13":"purchasable","14":"product-type-simple"},"acf":[],"aioseo_notices":[],"_links":{"self":[{"href":"https:\/\/www.galerie-scrapbooking.com\/en\/wp-json\/wp\/v2\/product\/9693","targetHints":{"allow":["GET"]}}],"collection":[{"href":"https:\/\/www.galerie-scrapbooking.com\/en\/wp-json\/wp\/v2\/product"}],"about":[{"href":"https:\/\/www.galerie-scrapbooking.com\/en\/wp-json\/wp\/v2\/types\/product"}],"wp:featuredmedia":[{"embeddable":true,"href":"https:\/\/www.galerie-scrapbooking.com\/en\/wp-json\/wp\/v2\/media\/9694"}],"wp:attachment":[{"href":"https:\/\/www.galerie-scrapbooking.com\/en\/wp-json\/wp\/v2\/media?parent=9693"}],"wp:term":[{"taxonomy":"product_brand","embeddable":true,"href":"https:\/\/www.galerie-scrapbooking.com\/en\/wp-json\/wp\/v2\/product_brand?post=9693"},{"taxonomy":"product_cat","embeddable":true,"href":"https:\/\/www.galerie-scrapbooking.com\/en\/wp-json\/wp\/v2\/product_cat?post=9693"},{"taxonomy":"product_tag","embeddable":true,"href":"https:\/\/www.galerie-scrapbooking.com\/en\/wp-json\/wp\/v2\/product_tag?post=9693"}],"curies":[{"name":"wp","href":"https:\/\/api.w.org\/{rel}","templated":true}]}}