{"id":9576,"date":"2021-09-21T16:24:11","date_gmt":"2021-09-21T16:24:11","guid":{"rendered":"https:\/\/commparlimage.ca\/garage\/herazz\/?product=lavinia-brosse-pour-stencil-1-pouce"},"modified":"2026-02-12T10:01:25","modified_gmt":"2026-02-12T15:01:25","slug":"lavinia-brosse-pour-stencil-1-pouce","status":"publish","type":"product","link":"https:\/\/www.galerie-scrapbooking.com\/en\/produit\/lavinia-brosse-pour-stencil-1-pouce\/","title":{"rendered":"Lavinia Brosse pour Stencil 1 pouce serie 9"},"content":{"rendered":"<h1>Lavinia Brosse pour Stencil 1 pouce serie 9<\/h1>\n<p>Pinceau \u00e0 pochoir sup\u00e9rieur de Lavinia.<\/p>\n<p>Fabriqu\u00e9 selon les normes les plus \u00e9lev\u00e9es \u00e0 l&#8217;aide de poils synth\u00e9tiques blancs, ce pinceau de 1\/4 de pouce est dot\u00e9 de pointes multi-diam\u00e8tres pour garantir la r\u00e9sistance et la douceur d&#8217;un poil naturel.<\/p>\n<p>Vid\u00e9o technique:<\/p>\n<p><iframe loading=\"lazy\" style=\"border: none; overflow: hidden;\" src=\"https:\/\/www.facebook.com\/plugins\/video.php?height=476&amp;href=https%3A%2F%2Fwww.facebook.com%2FLaviniaStamps%2Fvideos%2F546894480856491%2F&amp;show_text=false&amp;width=267&amp;t=0\" width=\"267\" height=\"476\" frameborder=\"0\" scrolling=\"no\" allowfullscreen=\"allowfullscreen\"><\/iframe><\/p>\n","protected":false},"excerpt":{"rendered":"<p>Lavinia Stencil Brush 1 inch<\/p>\n","protected":false},"featured_media":9577,"template":"","meta":{"_acf_changed":false},"product_brand":[],"product_cat":[115,246,132],"product_tag":[],"class_list":{"0":"post-9576","1":"product","2":"type-product","3":"status-publish","4":"has-post-thumbnail","6":"product_cat-encres-accessoires","7":"product_cat-masques-scrapbooking-autres","8":"product_cat-outils-accessoires-autres","9":"pa_brand_nc-lavinia","11":"first","12":"instock","13":"taxable","14":"shipping-taxable","15":"purchasable","16":"product-type-simple"},"acf":[],"aioseo_notices":[],"_links":{"self":[{"href":"https:\/\/www.galerie-scrapbooking.com\/en\/wp-json\/wp\/v2\/product\/9576","targetHints":{"allow":["GET"]}}],"collection":[{"href":"https:\/\/www.galerie-scrapbooking.com\/en\/wp-json\/wp\/v2\/product"}],"about":[{"href":"https:\/\/www.galerie-scrapbooking.com\/en\/wp-json\/wp\/v2\/types\/product"}],"wp:featuredmedia":[{"embeddable":true,"href":"https:\/\/www.galerie-scrapbooking.com\/en\/wp-json\/wp\/v2\/media\/9577"}],"wp:attachment":[{"href":"https:\/\/www.galerie-scrapbooking.com\/en\/wp-json\/wp\/v2\/media?parent=9576"}],"wp:term":[{"taxonomy":"product_brand","embeddable":true,"href":"https:\/\/www.galerie-scrapbooking.com\/en\/wp-json\/wp\/v2\/product_brand?post=9576"},{"taxonomy":"product_cat","embeddable":true,"href":"https:\/\/www.galerie-scrapbooking.com\/en\/wp-json\/wp\/v2\/product_cat?post=9576"},{"taxonomy":"product_tag","embeddable":true,"href":"https:\/\/www.galerie-scrapbooking.com\/en\/wp-json\/wp\/v2\/product_tag?post=9576"}],"curies":[{"name":"wp","href":"https:\/\/api.w.org\/{rel}","templated":true}]}}