{"id":9548,"date":"2021-09-15T20:21:48","date_gmt":"2021-09-15T20:21:48","guid":{"rendered":"https:\/\/commparlimage.ca\/garage\/herazz\/?product=tim-holtz-distress-frosted-crystal"},"modified":"2025-10-28T11:49:52","modified_gmt":"2025-10-28T15:49:52","slug":"tim-holtz-distress-frosted-crystal","status":"publish","type":"product","link":"https:\/\/www.galerie-scrapbooking.com\/en\/produit\/tim-holtz-distress-frosted-crystal\/","title":{"rendered":"Tim Holtz Distress Frosted Crystal"},"content":{"rendered":"<h1>Tim Holtz Distress Frosted Crystal<\/h1>\n<p>Tim Holtz Distress Frosted Crystal est un m\u00e9dium de gaufrage con\u00e7u pour cr\u00e9er une texture givr\u00e9e mate sur le papier cartonn\u00e9 et les surfaces enduites.<\/p>\n<p>Utilisez Frosted Crystal comme fond de teint en relief pour l&#8217;aquarelle avec des crayons Distress, de l&#8217;encre et de l&#8217;oxyde.<\/p>\n<p>Le pot contient 2,18 oz (62 gr)<\/p>\n<p>Vid\u00e9o de d\u00e9monstration (anglais):<\/p>\n<p><iframe loading=\"lazy\" title=\"YouTube video player\" src=\"https:\/\/www.youtube.com\/embed\/jwNp0mI6hdQ?si=ruZ8fHqjJEBuTmqL\" width=\"560\" height=\"315\" frameborder=\"0\" allowfullscreen=\"allowfullscreen\"><\/iframe><\/p>\n","protected":false},"excerpt":{"rendered":"<p>Tim Holtz Distress Frosted Crystal 2.18oz<\/p>\n","protected":false},"featured_media":9549,"template":"","meta":{"_acf_changed":false},"product_brand":[],"product_cat":[112,308],"product_tag":[],"class_list":{"0":"post-9548","1":"product","2":"type-product","3":"status-publish","4":"has-post-thumbnail","6":"product_cat-poudre-embossage","7":"product_cat-poudre-embossage-ranger","8":"pa_brand_nc-tim-holtz","10":"first","11":"instock","12":"taxable","13":"shipping-taxable","14":"purchasable","15":"product-type-simple"},"acf":[],"aioseo_notices":[],"_links":{"self":[{"href":"https:\/\/www.galerie-scrapbooking.com\/en\/wp-json\/wp\/v2\/product\/9548","targetHints":{"allow":["GET"]}}],"collection":[{"href":"https:\/\/www.galerie-scrapbooking.com\/en\/wp-json\/wp\/v2\/product"}],"about":[{"href":"https:\/\/www.galerie-scrapbooking.com\/en\/wp-json\/wp\/v2\/types\/product"}],"wp:featuredmedia":[{"embeddable":true,"href":"https:\/\/www.galerie-scrapbooking.com\/en\/wp-json\/wp\/v2\/media\/9549"}],"wp:attachment":[{"href":"https:\/\/www.galerie-scrapbooking.com\/en\/wp-json\/wp\/v2\/media?parent=9548"}],"wp:term":[{"taxonomy":"product_brand","embeddable":true,"href":"https:\/\/www.galerie-scrapbooking.com\/en\/wp-json\/wp\/v2\/product_brand?post=9548"},{"taxonomy":"product_cat","embeddable":true,"href":"https:\/\/www.galerie-scrapbooking.com\/en\/wp-json\/wp\/v2\/product_cat?post=9548"},{"taxonomy":"product_tag","embeddable":true,"href":"https:\/\/www.galerie-scrapbooking.com\/en\/wp-json\/wp\/v2\/product_tag?post=9548"}],"curies":[{"name":"wp","href":"https:\/\/api.w.org\/{rel}","templated":true}]}}