{"id":9494,"date":"2021-08-30T14:45:30","date_gmt":"2021-08-30T14:45:30","guid":{"rendered":"https:\/\/commparlimage.ca\/garage\/herazz\/?product=lavinia-10-feuilles-de-rangement-pour-etampes"},"modified":"2026-04-06T14:09:52","modified_gmt":"2026-04-06T18:09:52","slug":"lavinia-10-feuilles-de-rangement-pour-etampes","status":"publish","type":"product","link":"https:\/\/www.galerie-scrapbooking.com\/en\/produit\/lavinia-10-feuilles-de-rangement-pour-etampes\/","title":{"rendered":"Lavinia 10 feuilles de Rangement pour \u00e9tampes"},"content":{"rendered":"<h1>Lavinia 10 feuilles de Rangement pour \u00e9tampes<\/h1>\n<p>Feuilles de rangement pour vos \u00e9tampes. Elles adh\u00e8rent des 2 cot\u00e9s.<\/p>\n<p>Chaque paquet contient 10 feuilles de17.0 x 21.0 cm.<\/p>\n<p>Elles peuvent \u00eatre ins\u00e9r\u00e9es dans un cartable Lavinia ou Tim Holtz..<\/p>\n","protected":false},"excerpt":{"rendered":"<p>Lavinia Storage Binder Inserts 10\/pk<\/p>\n","protected":false},"featured_media":9495,"template":"","meta":{"_acf_changed":false},"product_brand":[],"product_cat":[123,342,238],"product_tag":[],"class_list":{"0":"post-9494","1":"product","2":"type-product","3":"status-publish","4":"has-post-thumbnail","6":"product_cat-etampe-scrapbooking-accessoires","7":"product_cat-etampes-lavinia","8":"product_cat-rangements-scrapbooking","9":"pa_brand_nc-lavinia","11":"first","12":"instock","13":"taxable","14":"shipping-taxable","15":"purchasable","16":"product-type-simple"},"acf":[],"aioseo_notices":[],"_links":{"self":[{"href":"https:\/\/www.galerie-scrapbooking.com\/en\/wp-json\/wp\/v2\/product\/9494","targetHints":{"allow":["GET"]}}],"collection":[{"href":"https:\/\/www.galerie-scrapbooking.com\/en\/wp-json\/wp\/v2\/product"}],"about":[{"href":"https:\/\/www.galerie-scrapbooking.com\/en\/wp-json\/wp\/v2\/types\/product"}],"wp:featuredmedia":[{"embeddable":true,"href":"https:\/\/www.galerie-scrapbooking.com\/en\/wp-json\/wp\/v2\/media\/9495"}],"wp:attachment":[{"href":"https:\/\/www.galerie-scrapbooking.com\/en\/wp-json\/wp\/v2\/media?parent=9494"}],"wp:term":[{"taxonomy":"product_brand","embeddable":true,"href":"https:\/\/www.galerie-scrapbooking.com\/en\/wp-json\/wp\/v2\/product_brand?post=9494"},{"taxonomy":"product_cat","embeddable":true,"href":"https:\/\/www.galerie-scrapbooking.com\/en\/wp-json\/wp\/v2\/product_cat?post=9494"},{"taxonomy":"product_tag","embeddable":true,"href":"https:\/\/www.galerie-scrapbooking.com\/en\/wp-json\/wp\/v2\/product_tag?post=9494"}],"curies":[{"name":"wp","href":"https:\/\/api.w.org\/{rel}","templated":true}]}}