{"id":9492,"date":"2021-08-30T14:35:31","date_gmt":"2021-08-30T14:35:31","guid":{"rendered":"https:\/\/commparlimage.ca\/garage\/herazz\/?product=lavinia-rangement-pour-etampes-sans-feuilles-de-rangement"},"modified":"2026-04-06T14:11:46","modified_gmt":"2026-04-06T18:11:46","slug":"lavinia-rangement-pour-etampes-sans-feuilles-de-rangement","status":"publish","type":"product","link":"https:\/\/www.galerie-scrapbooking.com\/en\/produit\/lavinia-rangement-pour-etampes-sans-feuilles-de-rangement\/","title":{"rendered":"Lavinia Rangement pour \u00e9tampes Scout (sans feuilles de rangement)"},"content":{"rendered":"<h1>Lavinia Rangement pour \u00e9tampes Scout<\/h1>\n<p>Vous allez adorer ce classeur \u00e0 anneaux Lavinia Stamps.<\/p>\n<p>Il est id\u00e9al pour stocker les \u00e9tampes et autres objets d&#8217;artisanat.<\/p>\n<p>Dot\u00e9 d&#8217;une solide fermeture \u00e0 glissi\u00e8re, ce classeur de qualit\u00e9 sup\u00e9rieure est magnifiquement fini avec un design exclusif .<\/p>\n<p>La taille est d&#8217;environ 24 cm de large x 24 cm de haut x 5,5 cm de profondeur.<\/p>\n<p>Ne comprend pas de feuilles de rangement pour \u00e9tampes.<\/p>\n","protected":false},"excerpt":{"rendered":"<p>Lavinia Stamps Ring Binder<\/p>\n","protected":false},"featured_media":33009,"template":"","meta":{"_acf_changed":false},"product_brand":[],"product_cat":[123,342,238],"product_tag":[],"class_list":{"0":"post-9492","1":"product","2":"type-product","3":"status-publish","4":"has-post-thumbnail","6":"product_cat-etampe-scrapbooking-accessoires","7":"product_cat-etampes-lavinia","8":"product_cat-rangements-scrapbooking","9":"pa_brand_nc-lavinia","11":"first","12":"instock","13":"taxable","14":"shipping-taxable","15":"purchasable","16":"product-type-simple"},"acf":[],"aioseo_notices":[],"_links":{"self":[{"href":"https:\/\/www.galerie-scrapbooking.com\/en\/wp-json\/wp\/v2\/product\/9492","targetHints":{"allow":["GET"]}}],"collection":[{"href":"https:\/\/www.galerie-scrapbooking.com\/en\/wp-json\/wp\/v2\/product"}],"about":[{"href":"https:\/\/www.galerie-scrapbooking.com\/en\/wp-json\/wp\/v2\/types\/product"}],"wp:featuredmedia":[{"embeddable":true,"href":"https:\/\/www.galerie-scrapbooking.com\/en\/wp-json\/wp\/v2\/media\/33009"}],"wp:attachment":[{"href":"https:\/\/www.galerie-scrapbooking.com\/en\/wp-json\/wp\/v2\/media?parent=9492"}],"wp:term":[{"taxonomy":"product_brand","embeddable":true,"href":"https:\/\/www.galerie-scrapbooking.com\/en\/wp-json\/wp\/v2\/product_brand?post=9492"},{"taxonomy":"product_cat","embeddable":true,"href":"https:\/\/www.galerie-scrapbooking.com\/en\/wp-json\/wp\/v2\/product_cat?post=9492"},{"taxonomy":"product_tag","embeddable":true,"href":"https:\/\/www.galerie-scrapbooking.com\/en\/wp-json\/wp\/v2\/product_tag?post=9492"}],"curies":[{"name":"wp","href":"https:\/\/api.w.org\/{rel}","templated":true}]}}