{"id":9426,"date":"2021-08-10T17:36:20","date_gmt":"2021-08-10T17:36:20","guid":{"rendered":"https:\/\/commparlimage.ca\/garage\/herazz\/?product=coffret-rectangulaire-en-bois"},"modified":"2026-01-13T10:23:39","modified_gmt":"2026-01-13T15:23:39","slug":"coffret-rectangulaire-en-bois","status":"publish","type":"product","link":"https:\/\/www.galerie-scrapbooking.com\/en\/produit\/coffret-rectangulaire-en-bois\/","title":{"rendered":"Coffret rectangulaire en bois"},"content":{"rendered":"<p>De Multicraft Imports, bo\u00eete rectangulaire de bois \u00e0 d\u00e9corer, y ajouter du papier de riz, de la peinturer, des spray, teindre etc..<\/p>\n<p>Dimension approximative:7.0 x 5.0 pouces<\/p>\n<p>Voir un tutoriel en cliquant ici: <a title=\"Tutoriel papier de riz et bo\u00eete\" href=\"https:\/\/www.galerie-scrapbooking.com\/tutoriel-papier-de-riz-alteration-dune-boite\/\" target=\"_blank\" rel=\"noopener\">Tutoriel bo\u00eete et papier de riz<\/a><\/p>\n","protected":false},"excerpt":{"rendered":"<p>Wood Keepsake Book Box 7&#8243;X5&#8243;X2.25&#8243;<\/p>\n","protected":false},"featured_media":9427,"template":"","meta":{"_acf_changed":false},"product_brand":[],"product_cat":[238],"product_tag":[],"class_list":{"0":"post-9426","1":"product","2":"type-product","3":"status-publish","4":"has-post-thumbnail","6":"product_cat-rangements-scrapbooking","7":"pa_brand_nc-autres","9":"first","10":"instock","11":"taxable","12":"shipping-taxable","13":"purchasable","14":"product-type-simple"},"acf":[],"aioseo_notices":[],"_links":{"self":[{"href":"https:\/\/www.galerie-scrapbooking.com\/en\/wp-json\/wp\/v2\/product\/9426","targetHints":{"allow":["GET"]}}],"collection":[{"href":"https:\/\/www.galerie-scrapbooking.com\/en\/wp-json\/wp\/v2\/product"}],"about":[{"href":"https:\/\/www.galerie-scrapbooking.com\/en\/wp-json\/wp\/v2\/types\/product"}],"wp:featuredmedia":[{"embeddable":true,"href":"https:\/\/www.galerie-scrapbooking.com\/en\/wp-json\/wp\/v2\/media\/9427"}],"wp:attachment":[{"href":"https:\/\/www.galerie-scrapbooking.com\/en\/wp-json\/wp\/v2\/media?parent=9426"}],"wp:term":[{"taxonomy":"product_brand","embeddable":true,"href":"https:\/\/www.galerie-scrapbooking.com\/en\/wp-json\/wp\/v2\/product_brand?post=9426"},{"taxonomy":"product_cat","embeddable":true,"href":"https:\/\/www.galerie-scrapbooking.com\/en\/wp-json\/wp\/v2\/product_cat?post=9426"},{"taxonomy":"product_tag","embeddable":true,"href":"https:\/\/www.galerie-scrapbooking.com\/en\/wp-json\/wp\/v2\/product_tag?post=9426"}],"curies":[{"name":"wp","href":"https:\/\/api.w.org\/{rel}","templated":true}]}}