{"id":9424,"date":"2021-08-10T17:30:00","date_gmt":"2021-08-10T17:30:00","guid":{"rendered":"https:\/\/commparlimage.ca\/garage\/herazz\/?product=domes-de-foam-pour-applicateur-1-pouce"},"modified":"2025-11-27T13:46:43","modified_gmt":"2025-11-27T18:46:43","slug":"domes-de-foam-pour-applicateur-1-pouce","status":"publish","type":"product","link":"https:\/\/www.galerie-scrapbooking.com\/en\/produit\/domes-de-foam-pour-applicateur-1-pouce\/","title":{"rendered":"D\u00f4mes de foam pour Applicateur 1 pouce"},"content":{"rendered":"<h1>D\u00f4mes de foam pour Applicateur 1 pouce<\/h1>\n<p>Les foams mini d\u00f4me se fixe facilement au mini applicateur 1 pouce pour appliquer des encres \u00e0 vos projets de fabrication de papier.<\/p>\n<p>La mousse arrondie offre plus de coussin, ce qui permet une application d&#8217;encre sans g\u00e2chis, lisse et m\u00e9lang\u00e9e.<\/p>\n<p>Comprend dix mousses en forme de d\u00f4me .<\/p>\n","protected":false},"excerpt":{"rendered":"<p>Mini Domed Ink Blending Foams 10\/Pkg<\/p>\n","protected":false},"featured_media":9425,"template":"","meta":{"_acf_changed":false},"product_brand":[],"product_cat":[115],"product_tag":[],"class_list":{"0":"post-9424","1":"product","2":"type-product","3":"status-publish","4":"has-post-thumbnail","6":"product_cat-encres-accessoires","7":"pa_brand_nc-ranger","9":"first","10":"instock","11":"taxable","12":"shipping-taxable","13":"purchasable","14":"product-type-simple"},"acf":[],"aioseo_notices":[],"_links":{"self":[{"href":"https:\/\/www.galerie-scrapbooking.com\/en\/wp-json\/wp\/v2\/product\/9424","targetHints":{"allow":["GET"]}}],"collection":[{"href":"https:\/\/www.galerie-scrapbooking.com\/en\/wp-json\/wp\/v2\/product"}],"about":[{"href":"https:\/\/www.galerie-scrapbooking.com\/en\/wp-json\/wp\/v2\/types\/product"}],"wp:featuredmedia":[{"embeddable":true,"href":"https:\/\/www.galerie-scrapbooking.com\/en\/wp-json\/wp\/v2\/media\/9425"}],"wp:attachment":[{"href":"https:\/\/www.galerie-scrapbooking.com\/en\/wp-json\/wp\/v2\/media?parent=9424"}],"wp:term":[{"taxonomy":"product_brand","embeddable":true,"href":"https:\/\/www.galerie-scrapbooking.com\/en\/wp-json\/wp\/v2\/product_brand?post=9424"},{"taxonomy":"product_cat","embeddable":true,"href":"https:\/\/www.galerie-scrapbooking.com\/en\/wp-json\/wp\/v2\/product_cat?post=9424"},{"taxonomy":"product_tag","embeddable":true,"href":"https:\/\/www.galerie-scrapbooking.com\/en\/wp-json\/wp\/v2\/product_tag?post=9424"}],"curies":[{"name":"wp","href":"https:\/\/api.w.org\/{rel}","templated":true}]}}