{"id":9352,"date":"2021-07-07T18:33:26","date_gmt":"2021-07-07T18:33:26","guid":{"rendered":"https:\/\/commparlimage.ca\/garage\/herazz\/?product=49-and-market-pad-6-x-8-vintage-art-de-plage"},"modified":"2024-03-25T21:07:46","modified_gmt":"2024-03-26T01:07:46","slug":"49-and-market-pad-6-x-8-vintage-art-de-plage","status":"publish","type":"product","link":"https:\/\/www.galerie-scrapbooking.com\/en\/produit\/49-and-market-pad-6-x-8-vintage-art-de-plage\/","title":{"rendered":"49 and Market Pad 6&#8243; X 8&#8243; Vintage Art de Plage"},"content":{"rendered":"<p>Le pack de collection comprend un total de 32 feuilles de papier recto-verso (4 de chacun des 8 motifs) plus un total de 100 \u00e9l\u00e9ments d\u00e9coup\u00e9s au laser (2 de chaque motif)<\/p>\n","protected":false},"excerpt":{"rendered":"<p>49 And Market Collection Pack 6&#8243;X8&#8243; &#8211; Vintage Artistry Beached<\/p>\n","protected":false},"featured_media":9353,"template":"","meta":{"_acf_changed":false},"product_brand":[],"product_cat":[411],"product_tag":[],"class_list":{"0":"post-9352","1":"product","2":"type-product","3":"status-publish","4":"has-post-thumbnail","6":"product_cat-ensemble-autre","7":"pa_brand_nc-49-and-market","9":"first","10":"instock","11":"taxable","12":"shipping-taxable","13":"purchasable","14":"product-type-simple"},"acf":[],"aioseo_notices":[],"_links":{"self":[{"href":"https:\/\/www.galerie-scrapbooking.com\/en\/wp-json\/wp\/v2\/product\/9352","targetHints":{"allow":["GET"]}}],"collection":[{"href":"https:\/\/www.galerie-scrapbooking.com\/en\/wp-json\/wp\/v2\/product"}],"about":[{"href":"https:\/\/www.galerie-scrapbooking.com\/en\/wp-json\/wp\/v2\/types\/product"}],"wp:featuredmedia":[{"embeddable":true,"href":"https:\/\/www.galerie-scrapbooking.com\/en\/wp-json\/wp\/v2\/media\/9353"}],"wp:attachment":[{"href":"https:\/\/www.galerie-scrapbooking.com\/en\/wp-json\/wp\/v2\/media?parent=9352"}],"wp:term":[{"taxonomy":"product_brand","embeddable":true,"href":"https:\/\/www.galerie-scrapbooking.com\/en\/wp-json\/wp\/v2\/product_brand?post=9352"},{"taxonomy":"product_cat","embeddable":true,"href":"https:\/\/www.galerie-scrapbooking.com\/en\/wp-json\/wp\/v2\/product_cat?post=9352"},{"taxonomy":"product_tag","embeddable":true,"href":"https:\/\/www.galerie-scrapbooking.com\/en\/wp-json\/wp\/v2\/product_tag?post=9352"}],"curies":[{"name":"wp","href":"https:\/\/api.w.org\/{rel}","templated":true}]}}