{"id":9335,"date":"2021-07-06T13:45:17","date_gmt":"2021-07-06T13:45:17","guid":{"rendered":"https:\/\/commparlimage.ca\/garage\/herazz\/?product=outil-pour-faire-des-boucles-parfaites"},"modified":"2025-11-14T19:46:24","modified_gmt":"2025-11-15T00:46:24","slug":"outil-pour-faire-des-boucles-parfaites","status":"publish","type":"product","link":"https:\/\/www.galerie-scrapbooking.com\/en\/produit\/outil-pour-faire-des-boucles-parfaites\/","title":{"rendered":"Outil pour faire des Boucles parfaites"},"content":{"rendered":"<h1>Outil pour faire des Boucles parfaites<\/h1>\n<p>Utilisez-le pour faire une vari\u00e9t\u00e9 de cadeaux faits \u00e0 la main, de d\u00e9corations et plus encore !<\/p>\n<p>Gagnez du temps et r\u00e9alisez des n\u0153uds et des pompons parfaits en quelques secondes avec le Bow Marker<\/p>\n<p>Un moyen simple de cr\u00e9er des boucles de n&#8217;importe quelle taille \u00e0 partir de n&#8217;importe quelle largeur de ruban<\/p>\n<p>La conception compacte facilite le stockage<\/p>\n","protected":false},"excerpt":{"rendered":"<p>The Perfect Bowmaker<\/p>\n","protected":false},"featured_media":9336,"template":"","meta":{"_acf_changed":false},"product_brand":[],"product_cat":[132,35],"product_tag":[],"class_list":{"0":"post-9335","1":"product","2":"type-product","3":"status-publish","4":"has-post-thumbnail","6":"product_cat-outils-accessoires-autres","7":"product_cat-ruban-scrapbooking","8":"pa_brand_nc-autres","10":"first","11":"instock","12":"taxable","13":"shipping-taxable","14":"purchasable","15":"product-type-simple"},"acf":[],"aioseo_notices":[],"_links":{"self":[{"href":"https:\/\/www.galerie-scrapbooking.com\/en\/wp-json\/wp\/v2\/product\/9335","targetHints":{"allow":["GET"]}}],"collection":[{"href":"https:\/\/www.galerie-scrapbooking.com\/en\/wp-json\/wp\/v2\/product"}],"about":[{"href":"https:\/\/www.galerie-scrapbooking.com\/en\/wp-json\/wp\/v2\/types\/product"}],"wp:featuredmedia":[{"embeddable":true,"href":"https:\/\/www.galerie-scrapbooking.com\/en\/wp-json\/wp\/v2\/media\/9336"}],"wp:attachment":[{"href":"https:\/\/www.galerie-scrapbooking.com\/en\/wp-json\/wp\/v2\/media?parent=9335"}],"wp:term":[{"taxonomy":"product_brand","embeddable":true,"href":"https:\/\/www.galerie-scrapbooking.com\/en\/wp-json\/wp\/v2\/product_brand?post=9335"},{"taxonomy":"product_cat","embeddable":true,"href":"https:\/\/www.galerie-scrapbooking.com\/en\/wp-json\/wp\/v2\/product_cat?post=9335"},{"taxonomy":"product_tag","embeddable":true,"href":"https:\/\/www.galerie-scrapbooking.com\/en\/wp-json\/wp\/v2\/product_tag?post=9335"}],"curies":[{"name":"wp","href":"https:\/\/api.w.org\/{rel}","templated":true}]}}