{"id":9251,"date":"2021-06-15T17:37:47","date_gmt":"2021-06-15T17:37:47","guid":{"rendered":"https:\/\/commparlimage.ca\/garage\/herazz\/?product=coffrets-ronds-en-bois-avec-fermeture-magnetique-3pqt"},"modified":"2024-03-20T14:05:45","modified_gmt":"2024-03-20T18:05:45","slug":"coffrets-ronds-en-bois-avec-fermeture-magnetique-3-pqt","status":"publish","type":"product","link":"https:\/\/www.galerie-scrapbooking.com\/en\/produit\/coffrets-ronds-en-bois-avec-fermeture-magnetique-3-pqt\/","title":{"rendered":"Coffrets ronds en bois avec fermeture magn\u00e9tique 3\/pqt"},"content":{"rendered":"<p>De Multicraft Imports, petites bo\u00eetes rondes de bois \u00e0 d\u00e9corer, y ajouter du papier de riz, de la peinturer, des spray, teindre etc..<\/p>\n<p>Dimension approximative: 3.0 &#8211; 4.25 &#8211; 5.25 pouces<\/p>\n<p>Voir un tutoriel en cliquant ici: <a title=\"Tutoriel papier de riz et bo\u00eete\" href=\"https:\/\/www.galerie-scrapbooking.com\/tutoriel-papier-de-riz-alteration-dune-boite\/\" target=\"_blank\" rel=\"noopener\">Tutoriel bo\u00eete et papier de riz<\/a><\/p>\n","protected":false},"excerpt":{"rendered":"<p>Wood Round Box Set With Magnetic Closure 3\/Pkg<\/p>\n","protected":false},"featured_media":9252,"template":"","meta":{"_acf_changed":false},"product_brand":[],"product_cat":[238],"product_tag":[],"class_list":{"0":"post-9251","1":"product","2":"type-product","3":"status-publish","4":"has-post-thumbnail","6":"product_cat-rangements-scrapbooking","7":"pa_brand_nc-autres","9":"first","10":"instock","11":"taxable","12":"shipping-taxable","13":"purchasable","14":"product-type-simple"},"acf":[],"aioseo_notices":[],"_links":{"self":[{"href":"https:\/\/www.galerie-scrapbooking.com\/en\/wp-json\/wp\/v2\/product\/9251","targetHints":{"allow":["GET"]}}],"collection":[{"href":"https:\/\/www.galerie-scrapbooking.com\/en\/wp-json\/wp\/v2\/product"}],"about":[{"href":"https:\/\/www.galerie-scrapbooking.com\/en\/wp-json\/wp\/v2\/types\/product"}],"wp:featuredmedia":[{"embeddable":true,"href":"https:\/\/www.galerie-scrapbooking.com\/en\/wp-json\/wp\/v2\/media\/9252"}],"wp:attachment":[{"href":"https:\/\/www.galerie-scrapbooking.com\/en\/wp-json\/wp\/v2\/media?parent=9251"}],"wp:term":[{"taxonomy":"product_brand","embeddable":true,"href":"https:\/\/www.galerie-scrapbooking.com\/en\/wp-json\/wp\/v2\/product_brand?post=9251"},{"taxonomy":"product_cat","embeddable":true,"href":"https:\/\/www.galerie-scrapbooking.com\/en\/wp-json\/wp\/v2\/product_cat?post=9251"},{"taxonomy":"product_tag","embeddable":true,"href":"https:\/\/www.galerie-scrapbooking.com\/en\/wp-json\/wp\/v2\/product_tag?post=9251"}],"curies":[{"name":"wp","href":"https:\/\/api.w.org\/{rel}","templated":true}]}}