{"id":9222,"date":"2021-06-02T12:21:52","date_gmt":"2021-06-02T12:21:52","guid":{"rendered":"https:\/\/commparlimage.ca\/garage\/herazz\/?product=the-masters-savon-a-main"},"modified":"2025-05-29T09:52:40","modified_gmt":"2025-05-29T13:52:40","slug":"the-masters-savon-a-main","status":"publish","type":"product","link":"https:\/\/www.galerie-scrapbooking.com\/en\/produit\/the-masters-savon-a-main\/","title":{"rendered":"The Masters Savon \u00e0 main"},"content":{"rendered":"<p>Savon \u00e0 main, nettoie, graisse, peinture taches, encres, teinture, argile.<\/p>\n<p>\u00c0 usage multiple.<\/p>\n<p>Commentaire d&#8217;une cliente: &#8220;Bonjour Guylaine et Mario le petit savon que vous avez maintenant en boutique est formidable &#8230; je pense qu&#8217;il a droit \u00e0 une meilleure publicit\u00e9 &#8230; ici, il a enlev\u00e9 des taches qui ne partaient jamais au lavage sur les v\u00eatements &#8230; \u00e7a vaut la peine de le mentionner\u00a0il est formidable &#8230;&#8221; Diane D.<\/p>\n","protected":false},"excerpt":{"rendered":"<p>The Master&#8217;s Hand Soap 1.5oz<\/p>\n","protected":false},"featured_media":9223,"template":"","meta":{"_acf_changed":false},"product_brand":[],"product_cat":[123,115],"product_tag":[],"class_list":{"0":"post-9222","1":"product","2":"type-product","3":"status-publish","4":"has-post-thumbnail","6":"product_cat-etampe-scrapbooking-accessoires","7":"product_cat-encres-accessoires","8":"pa_brand_nc-autres","10":"first","11":"instock","12":"taxable","13":"shipping-taxable","14":"purchasable","15":"product-type-simple"},"acf":[],"aioseo_notices":[],"_links":{"self":[{"href":"https:\/\/www.galerie-scrapbooking.com\/en\/wp-json\/wp\/v2\/product\/9222","targetHints":{"allow":["GET"]}}],"collection":[{"href":"https:\/\/www.galerie-scrapbooking.com\/en\/wp-json\/wp\/v2\/product"}],"about":[{"href":"https:\/\/www.galerie-scrapbooking.com\/en\/wp-json\/wp\/v2\/types\/product"}],"wp:featuredmedia":[{"embeddable":true,"href":"https:\/\/www.galerie-scrapbooking.com\/en\/wp-json\/wp\/v2\/media\/9223"}],"wp:attachment":[{"href":"https:\/\/www.galerie-scrapbooking.com\/en\/wp-json\/wp\/v2\/media?parent=9222"}],"wp:term":[{"taxonomy":"product_brand","embeddable":true,"href":"https:\/\/www.galerie-scrapbooking.com\/en\/wp-json\/wp\/v2\/product_brand?post=9222"},{"taxonomy":"product_cat","embeddable":true,"href":"https:\/\/www.galerie-scrapbooking.com\/en\/wp-json\/wp\/v2\/product_cat?post=9222"},{"taxonomy":"product_tag","embeddable":true,"href":"https:\/\/www.galerie-scrapbooking.com\/en\/wp-json\/wp\/v2\/product_tag?post=9222"}],"curies":[{"name":"wp","href":"https:\/\/api.w.org\/{rel}","templated":true}]}}