{"id":9202,"date":"2021-05-26T17:09:48","date_gmt":"2021-05-26T17:09:48","guid":{"rendered":"https:\/\/commparlimage.ca\/garage\/herazz\/?product=tim-holtz-kit-doutils-de-faconnage"},"modified":"2024-05-29T15:15:20","modified_gmt":"2024-05-29T19:15:20","slug":"tim-holtz-kit-d-outils-de-faconnage","status":"publish","type":"product","link":"https:\/\/www.galerie-scrapbooking.com\/en\/produit\/tim-holtz-kit-d-outils-de-faconnage\/","title":{"rendered":"Tim Holtz Kit d&#8217;Outils de Fa\u00e7onnage"},"content":{"rendered":"<p>Ajoutez de la dimension \u00e0 votre artisanat en utilisant le kit de mise en forme inspir\u00e9 par Tim Holtz!<\/p>\n<p>Le kit de mise en forme comprend quatre outils polyvalents pour ajouter du r\u00e9alisme aux formes de fleurs Sizzix et \u00e0 d&#8217;autres projets.<\/p>\n<p>Le coussinet de moulage aide \u00e0 mettre en forme des ventouses, \u00e0 fa\u00e7onner, \u00e0 m\u00e9langer et \u00e0 d&#8217;autres techniques de cr\u00e9ation de fleurs.<\/p>\n<p>Ajoutez de la dimension et de la d\u00e9finition \u00e0 vos cr\u00e9ations avec les outils de pincettes \u00e0 action inverse et de stylet.<\/p>\n<p>Voir une vid\u00e9o de Tim Holtz:<\/p>\n<p><iframe loading=\"lazy\" title=\"YouTube video player\" src=\"https:\/\/www.youtube.com\/embed\/7V1cRCKX6L4\" width=\"560\" height=\"315\" frameborder=\"0\" allowfullscreen=\"allowfullscreen\"><\/iframe><\/p>\n","protected":false},"excerpt":{"rendered":"<p>Tim Holtz Tool Shaping Kit<\/p>\n","protected":false},"featured_media":9203,"template":"","meta":{"_acf_changed":false},"product_brand":[],"product_cat":[306,132,111],"product_tag":[],"class_list":{"0":"post-9202","1":"product","2":"type-product","3":"status-publish","4":"has-post-thumbnail","6":"product_cat-accessoire-embossage","7":"product_cat-outils-accessoires-autres","8":"product_cat-embossage-scrapbooking","9":"pa_brand_nc-tim-holtz","11":"first","12":"instock","13":"taxable","14":"shipping-taxable","15":"purchasable","16":"product-type-simple"},"acf":[],"aioseo_notices":[],"_links":{"self":[{"href":"https:\/\/www.galerie-scrapbooking.com\/en\/wp-json\/wp\/v2\/product\/9202","targetHints":{"allow":["GET"]}}],"collection":[{"href":"https:\/\/www.galerie-scrapbooking.com\/en\/wp-json\/wp\/v2\/product"}],"about":[{"href":"https:\/\/www.galerie-scrapbooking.com\/en\/wp-json\/wp\/v2\/types\/product"}],"wp:featuredmedia":[{"embeddable":true,"href":"https:\/\/www.galerie-scrapbooking.com\/en\/wp-json\/wp\/v2\/media\/9203"}],"wp:attachment":[{"href":"https:\/\/www.galerie-scrapbooking.com\/en\/wp-json\/wp\/v2\/media?parent=9202"}],"wp:term":[{"taxonomy":"product_brand","embeddable":true,"href":"https:\/\/www.galerie-scrapbooking.com\/en\/wp-json\/wp\/v2\/product_brand?post=9202"},{"taxonomy":"product_cat","embeddable":true,"href":"https:\/\/www.galerie-scrapbooking.com\/en\/wp-json\/wp\/v2\/product_cat?post=9202"},{"taxonomy":"product_tag","embeddable":true,"href":"https:\/\/www.galerie-scrapbooking.com\/en\/wp-json\/wp\/v2\/product_tag?post=9202"}],"curies":[{"name":"wp","href":"https:\/\/api.w.org\/{rel}","templated":true}]}}