{"id":9198,"date":"2021-05-25T18:34:51","date_gmt":"2021-05-25T18:34:51","guid":{"rendered":"https:\/\/commparlimage.ca\/garage\/herazz\/?product=rangement-en-bois-avec-poignee-81"},"modified":"2026-01-13T10:23:23","modified_gmt":"2026-01-13T15:23:23","slug":"rangement-en-bois-avec-poignee-8-1","status":"publish","type":"product","link":"https:\/\/www.galerie-scrapbooking.com\/en\/produit\/rangement-en-bois-avec-poignee-8-1\/","title":{"rendered":"Rangement en Bois avec poign\u00e9e 8.1&#8243;"},"content":{"rendered":"<p>De Multicraft Imports, un petit rangement de bois en forme de malette \u00e0 d\u00e9corer, y ajouter du papier de riz, de la peinturer, des spray, teindre etc..<\/p>\n<p>Dimension approximative: 8.1 pouces<\/p>\n<p>Voici un exemple de bo\u00eete d\u00e9cor\u00e9e avec du papier de riz:<\/p>\n<p><img decoding=\"async\" style=\"display: block; margin-left: auto; margin-right: auto;\" title=\"boite et papier de riz\" src=\"https:\/\/galerie-scrapbooking.com\/wp-content\/uploads\/testcpl\/media\/wysiwyg\/2021-mai\/tutoriel-papier-de-riz-boit.jpg\" alt=\"boite et papier de riz\" \/><\/p>\n<p>Voir le tutoriel: <a title=\"Boite et papier de riz\" href=\"https:\/\/www.galerie-scrapbooking.com\/tutoriel-papier-de-riz-alteration-dune-boite\/\" target=\"_blank\" rel=\"noopener\">cliquez ici<\/a><\/p>\n","protected":false},"excerpt":{"rendered":"<p>Wood Storage Case With Handle 8.1&#8243;<\/p>\n","protected":false},"featured_media":9199,"template":"","meta":{"_acf_changed":false},"product_brand":[],"product_cat":[238],"product_tag":[],"class_list":{"0":"post-9198","1":"product","2":"type-product","3":"status-publish","4":"has-post-thumbnail","6":"product_cat-rangements-scrapbooking","7":"pa_brand_nc-autres","9":"first","10":"instock","11":"taxable","12":"shipping-taxable","13":"purchasable","14":"product-type-simple"},"acf":[],"aioseo_notices":[],"_links":{"self":[{"href":"https:\/\/www.galerie-scrapbooking.com\/en\/wp-json\/wp\/v2\/product\/9198","targetHints":{"allow":["GET"]}}],"collection":[{"href":"https:\/\/www.galerie-scrapbooking.com\/en\/wp-json\/wp\/v2\/product"}],"about":[{"href":"https:\/\/www.galerie-scrapbooking.com\/en\/wp-json\/wp\/v2\/types\/product"}],"wp:featuredmedia":[{"embeddable":true,"href":"https:\/\/www.galerie-scrapbooking.com\/en\/wp-json\/wp\/v2\/media\/9199"}],"wp:attachment":[{"href":"https:\/\/www.galerie-scrapbooking.com\/en\/wp-json\/wp\/v2\/media?parent=9198"}],"wp:term":[{"taxonomy":"product_brand","embeddable":true,"href":"https:\/\/www.galerie-scrapbooking.com\/en\/wp-json\/wp\/v2\/product_brand?post=9198"},{"taxonomy":"product_cat","embeddable":true,"href":"https:\/\/www.galerie-scrapbooking.com\/en\/wp-json\/wp\/v2\/product_cat?post=9198"},{"taxonomy":"product_tag","embeddable":true,"href":"https:\/\/www.galerie-scrapbooking.com\/en\/wp-json\/wp\/v2\/product_tag?post=9198"}],"curies":[{"name":"wp","href":"https:\/\/api.w.org\/{rel}","templated":true}]}}