{"id":9196,"date":"2021-05-25T18:28:07","date_gmt":"2021-05-25T18:28:07","guid":{"rendered":"https:\/\/commparlimage.ca\/garage\/herazz\/?product=kuretake-historic-art-aquarelle"},"modified":"2024-04-08T09:41:56","modified_gmt":"2024-04-08T13:41:56","slug":"kuretake-historic-art-aquarelle","status":"publish","type":"product","link":"https:\/\/www.galerie-scrapbooking.com\/en\/produit\/kuretake-historic-art-aquarelle\/","title":{"rendered":"Kuretake Historic Art Aquarelle"},"content":{"rendered":"<p>Cet ensemble fait partie de la s\u00e9rie Art historique de Kuretake, qui encourage les artistes \u00e0 utiliser 3 mat\u00e9riaux de peinture et une petite s\u00e9lection de couleurs pour vous mettre au d\u00e9fi de cr\u00e9er de belles \u0153uvres d&#8217;art.<\/p>\n<p>Cet ensemble est con\u00e7u selon le style et la palette de couleurs de la \u00abFemme au parasol\u00bb de Claude Monet.<\/p>\n<p>Les pinceaux ZIG Clean Color Real sont solubles dans l&#8217;eau et peuvent donc \u00eatre m\u00e9lang\u00e9s avec de l&#8217;eau ou avec un m\u00e9langeur de couleurs propre.<\/p>\n<p>Cet ensemble comprend 6 couleurs de Clean Color Real Brush (bleu bleuet, rose th\u00e9, jaune p\u00e2le, vert, rouge g\u00e9ranium, marron), un m\u00e9dium ZIG aquarelle BrusH2O et 5 feuilles de papier, dont 2 comprennent un mod\u00e8le de contour de la femme avec Parasol \u00e0 colorier. Import\u00e9.<\/p>\n","protected":false},"excerpt":{"rendered":"<p>Kuretake Historic Art Watercolor With Claude Monet Set<\/p>\n","protected":false},"featured_media":9197,"template":"","meta":{"_acf_changed":false},"product_brand":[],"product_cat":[273,103],"product_tag":[],"class_list":{"0":"post-9196","1":"product","2":"type-product","3":"status-publish","4":"has-post-thumbnail","6":"product_cat-peinture-aquarelle-watercolor","7":"product_cat-paint-dabber","8":"pa_brand_nc-autres","10":"first","11":"instock","12":"taxable","13":"shipping-taxable","14":"purchasable","15":"product-type-simple"},"acf":[],"aioseo_notices":[],"_links":{"self":[{"href":"https:\/\/www.galerie-scrapbooking.com\/en\/wp-json\/wp\/v2\/product\/9196","targetHints":{"allow":["GET"]}}],"collection":[{"href":"https:\/\/www.galerie-scrapbooking.com\/en\/wp-json\/wp\/v2\/product"}],"about":[{"href":"https:\/\/www.galerie-scrapbooking.com\/en\/wp-json\/wp\/v2\/types\/product"}],"wp:featuredmedia":[{"embeddable":true,"href":"https:\/\/www.galerie-scrapbooking.com\/en\/wp-json\/wp\/v2\/media\/9197"}],"wp:attachment":[{"href":"https:\/\/www.galerie-scrapbooking.com\/en\/wp-json\/wp\/v2\/media?parent=9196"}],"wp:term":[{"taxonomy":"product_brand","embeddable":true,"href":"https:\/\/www.galerie-scrapbooking.com\/en\/wp-json\/wp\/v2\/product_brand?post=9196"},{"taxonomy":"product_cat","embeddable":true,"href":"https:\/\/www.galerie-scrapbooking.com\/en\/wp-json\/wp\/v2\/product_cat?post=9196"},{"taxonomy":"product_tag","embeddable":true,"href":"https:\/\/www.galerie-scrapbooking.com\/en\/wp-json\/wp\/v2\/product_tag?post=9196"}],"curies":[{"name":"wp","href":"https:\/\/api.w.org\/{rel}","templated":true}]}}