{"id":9194,"date":"2021-05-18T17:51:36","date_gmt":"2021-05-18T17:51:36","guid":{"rendered":"https:\/\/commparlimage.ca\/garage\/herazz\/?product=dress-my-craft-grand-plateau-a-entonnoir"},"modified":"2025-02-28T09:29:30","modified_gmt":"2025-02-28T14:29:30","slug":"dress-my-craft-grand-plateau-a-entonnoir","status":"publish","type":"product","link":"https:\/\/www.galerie-scrapbooking.com\/en\/produit\/dress-my-craft-grand-plateau-a-entonnoir\/","title":{"rendered":"Dress My Craft Grand Plateau \u00e0 Entonnoir"},"content":{"rendered":"<p>Pas de pertes, pas de d\u00e9g\u00e2t.<\/p>\n<p>2 grandeurs de bouchons afin de remettre dans les contenants.<\/p>\n<p>Parfait pour les poudres d&#8217;embossage, glitters, perles etc&#8230;<\/p>\n<p>Dimensions approximatives:<\/p>\n<p>9.84 x 6.45 pouces<\/p>\n","protected":false},"excerpt":{"rendered":"<p>Dress My Craft Large Funnel Tray<\/p>\n","protected":false},"featured_media":9195,"template":"","meta":{"_acf_changed":false},"product_brand":[],"product_cat":[306,132],"product_tag":[],"class_list":{"0":"post-9194","1":"product","2":"type-product","3":"status-publish","4":"has-post-thumbnail","6":"product_cat-accessoire-embossage","7":"product_cat-outils-accessoires-autres","8":"pa_brand_nc-dress-my-crafts","10":"first","11":"instock","12":"taxable","13":"shipping-taxable","14":"purchasable","15":"product-type-simple"},"acf":[],"aioseo_notices":[],"_links":{"self":[{"href":"https:\/\/www.galerie-scrapbooking.com\/en\/wp-json\/wp\/v2\/product\/9194","targetHints":{"allow":["GET"]}}],"collection":[{"href":"https:\/\/www.galerie-scrapbooking.com\/en\/wp-json\/wp\/v2\/product"}],"about":[{"href":"https:\/\/www.galerie-scrapbooking.com\/en\/wp-json\/wp\/v2\/types\/product"}],"wp:featuredmedia":[{"embeddable":true,"href":"https:\/\/www.galerie-scrapbooking.com\/en\/wp-json\/wp\/v2\/media\/9195"}],"wp:attachment":[{"href":"https:\/\/www.galerie-scrapbooking.com\/en\/wp-json\/wp\/v2\/media?parent=9194"}],"wp:term":[{"taxonomy":"product_brand","embeddable":true,"href":"https:\/\/www.galerie-scrapbooking.com\/en\/wp-json\/wp\/v2\/product_brand?post=9194"},{"taxonomy":"product_cat","embeddable":true,"href":"https:\/\/www.galerie-scrapbooking.com\/en\/wp-json\/wp\/v2\/product_cat?post=9194"},{"taxonomy":"product_tag","embeddable":true,"href":"https:\/\/www.galerie-scrapbooking.com\/en\/wp-json\/wp\/v2\/product_tag?post=9194"}],"curies":[{"name":"wp","href":"https:\/\/api.w.org\/{rel}","templated":true}]}}