{"id":9190,"date":"2021-05-18T17:46:00","date_gmt":"2021-05-18T17:46:00","guid":{"rendered":"https:\/\/commparlimage.ca\/garage\/herazz\/?product=memory-box-plaque-embossage-3d-engrenages"},"modified":"2024-02-19T21:42:12","modified_gmt":"2024-02-20T02:42:12","slug":"memory-box-plaque-embossage-3d-engrenages","status":"publish","type":"product","link":"https:\/\/www.galerie-scrapbooking.com\/en\/produit\/memory-box-plaque-embossage-3d-engrenages\/","title":{"rendered":"Memory Box Plaque Embossage 3D Engrenages"},"content":{"rendered":"<p>Memory Box &#8211;  Un pochoir d&#8217;embossage raffin\u00e9, compatible avec la plupart des machines \u00e0 d\u00e9couper. Elle cr\u00e9e du relief sur vos cartes de scrapbpooking.<\/p>\n<p>Fonctionne avec la Cuttlebug, Sizzix, Grand calibur, Big Shot Etc.<\/p>\n<p>Grandeur: 4.5&#8243;X5.75&#8243;.<\/p>\n","protected":false},"excerpt":{"rendered":"<p>Memory Box 3D Embossing Folder 4.5&#8243;X5.75&#8243; &#8211; Put It In Gear<\/p>\n","protected":false},"featured_media":9191,"template":"","meta":{"_acf_changed":false},"product_brand":[],"product_cat":[204,202,402],"product_tag":[],"class_list":{"0":"post-9190","1":"product","2":"type-product","3":"status-publish","4":"has-post-thumbnail","6":"product_cat-embossage-crafts-too","7":"product_cat-plaques-embossage","8":"product_cat-memory-box-plaques-embossage","9":"pa_brand_nc-memory-box","11":"first","12":"instock","13":"taxable","14":"shipping-taxable","15":"purchasable","16":"product-type-simple"},"acf":[],"aioseo_notices":[],"_links":{"self":[{"href":"https:\/\/www.galerie-scrapbooking.com\/en\/wp-json\/wp\/v2\/product\/9190","targetHints":{"allow":["GET"]}}],"collection":[{"href":"https:\/\/www.galerie-scrapbooking.com\/en\/wp-json\/wp\/v2\/product"}],"about":[{"href":"https:\/\/www.galerie-scrapbooking.com\/en\/wp-json\/wp\/v2\/types\/product"}],"wp:featuredmedia":[{"embeddable":true,"href":"https:\/\/www.galerie-scrapbooking.com\/en\/wp-json\/wp\/v2\/media\/9191"}],"wp:attachment":[{"href":"https:\/\/www.galerie-scrapbooking.com\/en\/wp-json\/wp\/v2\/media?parent=9190"}],"wp:term":[{"taxonomy":"product_brand","embeddable":true,"href":"https:\/\/www.galerie-scrapbooking.com\/en\/wp-json\/wp\/v2\/product_brand?post=9190"},{"taxonomy":"product_cat","embeddable":true,"href":"https:\/\/www.galerie-scrapbooking.com\/en\/wp-json\/wp\/v2\/product_cat?post=9190"},{"taxonomy":"product_tag","embeddable":true,"href":"https:\/\/www.galerie-scrapbooking.com\/en\/wp-json\/wp\/v2\/product_tag?post=9190"}],"curies":[{"name":"wp","href":"https:\/\/api.w.org\/{rel}","templated":true}]}}