{"id":9170,"date":"2021-05-18T17:17:39","date_gmt":"2021-05-18T17:17:39","guid":{"rendered":"https:\/\/commparlimage.ca\/garage\/herazz\/?product=cinch-boudins-58-pouce-or"},"modified":"2025-04-13T10:39:00","modified_gmt":"2025-04-13T14:39:00","slug":"cinch-boudins-5-8-pouce-or","status":"publish","type":"product","link":"https:\/\/www.galerie-scrapbooking.com\/en\/produit\/cinch-boudins-5-8-pouce-or\/","title":{"rendered":"Cinch Boudins 5\/8 pouce Or"},"content":{"rendered":"<p>Utilisez ces boudins avec l&#8217;outil de reliure Cinch (vendu s\u00e9par\u00e9ment) pour cr\u00e9er vos propres albums, livres, revues et plus.<\/p>\n<p>Paquet de 4 boudins<\/p>\n<p>Longueur de 12 pouces<\/p>\n","protected":false},"excerpt":{"rendered":"<p>Cinch Wires .625&#8243; 4\/Pkg &#8211; Gold<\/p>\n","protected":false},"featured_media":9171,"template":"","meta":{"_acf_changed":false},"product_brand":[],"product_cat":[176],"product_tag":[],"class_list":{"0":"post-9170","1":"product","2":"type-product","3":"status-publish","4":"has-post-thumbnail","6":"product_cat-the-cinch","7":"pa_brand_nc-we-r-memory-keepers","9":"first","10":"instock","11":"taxable","12":"shipping-taxable","13":"purchasable","14":"product-type-simple"},"acf":[],"aioseo_notices":[],"_links":{"self":[{"href":"https:\/\/www.galerie-scrapbooking.com\/en\/wp-json\/wp\/v2\/product\/9170","targetHints":{"allow":["GET"]}}],"collection":[{"href":"https:\/\/www.galerie-scrapbooking.com\/en\/wp-json\/wp\/v2\/product"}],"about":[{"href":"https:\/\/www.galerie-scrapbooking.com\/en\/wp-json\/wp\/v2\/types\/product"}],"wp:featuredmedia":[{"embeddable":true,"href":"https:\/\/www.galerie-scrapbooking.com\/en\/wp-json\/wp\/v2\/media\/9171"}],"wp:attachment":[{"href":"https:\/\/www.galerie-scrapbooking.com\/en\/wp-json\/wp\/v2\/media?parent=9170"}],"wp:term":[{"taxonomy":"product_brand","embeddable":true,"href":"https:\/\/www.galerie-scrapbooking.com\/en\/wp-json\/wp\/v2\/product_brand?post=9170"},{"taxonomy":"product_cat","embeddable":true,"href":"https:\/\/www.galerie-scrapbooking.com\/en\/wp-json\/wp\/v2\/product_cat?post=9170"},{"taxonomy":"product_tag","embeddable":true,"href":"https:\/\/www.galerie-scrapbooking.com\/en\/wp-json\/wp\/v2\/product_tag?post=9170"}],"curies":[{"name":"wp","href":"https:\/\/api.w.org\/{rel}","templated":true}]}}