{"id":9150,"date":"2021-05-17T17:36:03","date_gmt":"2021-05-17T17:36:03","guid":{"rendered":"https:\/\/commparlimage.ca\/garage\/herazz\/?product=recharge-encre-versafine-clair-allee-ombragee"},"modified":"2026-02-07T21:35:26","modified_gmt":"2026-02-08T02:35:26","slug":"recharge-encre-versafine-clair-allee-ombragee","status":"publish","type":"product","link":"https:\/\/www.galerie-scrapbooking.com\/en\/produit\/recharge-encre-versafine-clair-allee-ombragee\/","title":{"rendered":"Recharge Encre Versafine Clair All\u00e9e Ombrag\u00e9e"},"content":{"rendered":"<h1>Recharge encre Versafine clair All\u00e9e Ombrag\u00e9e<\/h1>\n<p><strong>Recharges pour encre Versafine Clair<\/strong>. Cette encre qui fait ressortir les moindres d\u00e9tails.<\/p>\n<p>Parfait pour l&#8217;utilisation de l&#8217;aquarelle pour la couleur des images \u00e9tamp\u00e9es.<\/p>\n<p>La plus longue dur\u00e9e de tampon encreur disponible.<\/p>\n","protected":false},"excerpt":{"rendered":"<p>VersaFine Clair Inker &#8211; Shady Lane<\/p>\n","protected":false},"featured_media":9151,"template":"","meta":{"_acf_changed":false},"product_brand":[],"product_cat":[397],"product_tag":[],"class_list":{"0":"post-9150","1":"product","2":"type-product","3":"status-publish","4":"has-post-thumbnail","6":"product_cat-recharge-encre-versafine-clair","7":"pa_brand_nc-tsukineko","9":"first","10":"outofstock","11":"taxable","12":"shipping-taxable","13":"purchasable","14":"product-type-simple"},"acf":[],"aioseo_notices":[],"_links":{"self":[{"href":"https:\/\/www.galerie-scrapbooking.com\/en\/wp-json\/wp\/v2\/product\/9150","targetHints":{"allow":["GET"]}}],"collection":[{"href":"https:\/\/www.galerie-scrapbooking.com\/en\/wp-json\/wp\/v2\/product"}],"about":[{"href":"https:\/\/www.galerie-scrapbooking.com\/en\/wp-json\/wp\/v2\/types\/product"}],"wp:featuredmedia":[{"embeddable":true,"href":"https:\/\/www.galerie-scrapbooking.com\/en\/wp-json\/wp\/v2\/media\/9151"}],"wp:attachment":[{"href":"https:\/\/www.galerie-scrapbooking.com\/en\/wp-json\/wp\/v2\/media?parent=9150"}],"wp:term":[{"taxonomy":"product_brand","embeddable":true,"href":"https:\/\/www.galerie-scrapbooking.com\/en\/wp-json\/wp\/v2\/product_brand?post=9150"},{"taxonomy":"product_cat","embeddable":true,"href":"https:\/\/www.galerie-scrapbooking.com\/en\/wp-json\/wp\/v2\/product_cat?post=9150"},{"taxonomy":"product_tag","embeddable":true,"href":"https:\/\/www.galerie-scrapbooking.com\/en\/wp-json\/wp\/v2\/product_tag?post=9150"}],"curies":[{"name":"wp","href":"https:\/\/api.w.org\/{rel}","templated":true}]}}