{"id":9086,"date":"2021-05-09T15:18:00","date_gmt":"2021-05-09T15:18:00","guid":{"rendered":"https:\/\/commparlimage.ca\/garage\/herazz\/?product=lavinia-etampe-chauve-souris"},"modified":"2025-10-16T10:49:42","modified_gmt":"2025-10-16T14:49:42","slug":"lavinia-etampe-chauve-souris","status":"publish","type":"product","link":"https:\/\/www.galerie-scrapbooking.com\/en\/produit\/lavinia-etampe-chauve-souris\/","title":{"rendered":"Lavinia \u00c9tampe Chauve-Souris"},"content":{"rendered":"<p>\u00c9tampes acrylique, id\u00e9ales pour vos cartes ou pages de scrapbooking.<\/p>\n<p>N\u00e9cessite l&#8217;utilisation d&#8217;un bloc acrylique.<\/p>\n<p>Dimension approximative:<\/p>\n<p>2.0 x 4.0 cm.<\/p>\n","protected":false},"excerpt":{"rendered":"<p>Lavinia Stamp &#8211; Bats<\/p>\n","protected":false},"featured_media":31648,"template":"","meta":{"_acf_changed":false},"product_brand":[],"product_cat":[421,342],"product_tag":[],"class_list":{"0":"post-9086","1":"product","2":"type-product","3":"status-publish","4":"has-post-thumbnail","6":"product_cat-animaux-insectes","7":"product_cat-etampes-lavinia","8":"pa_brand_nc-lavinia","10":"first","11":"instock","12":"taxable","13":"shipping-taxable","14":"purchasable","15":"product-type-simple"},"acf":[],"aioseo_notices":[],"_links":{"self":[{"href":"https:\/\/www.galerie-scrapbooking.com\/en\/wp-json\/wp\/v2\/product\/9086","targetHints":{"allow":["GET"]}}],"collection":[{"href":"https:\/\/www.galerie-scrapbooking.com\/en\/wp-json\/wp\/v2\/product"}],"about":[{"href":"https:\/\/www.galerie-scrapbooking.com\/en\/wp-json\/wp\/v2\/types\/product"}],"wp:featuredmedia":[{"embeddable":true,"href":"https:\/\/www.galerie-scrapbooking.com\/en\/wp-json\/wp\/v2\/media\/31648"}],"wp:attachment":[{"href":"https:\/\/www.galerie-scrapbooking.com\/en\/wp-json\/wp\/v2\/media?parent=9086"}],"wp:term":[{"taxonomy":"product_brand","embeddable":true,"href":"https:\/\/www.galerie-scrapbooking.com\/en\/wp-json\/wp\/v2\/product_brand?post=9086"},{"taxonomy":"product_cat","embeddable":true,"href":"https:\/\/www.galerie-scrapbooking.com\/en\/wp-json\/wp\/v2\/product_cat?post=9086"},{"taxonomy":"product_tag","embeddable":true,"href":"https:\/\/www.galerie-scrapbooking.com\/en\/wp-json\/wp\/v2\/product_tag?post=9086"}],"curies":[{"name":"wp","href":"https:\/\/api.w.org\/{rel}","templated":true}]}}