{"id":9051,"date":"2021-05-03T17:00:04","date_gmt":"2021-05-03T17:00:04","guid":{"rendered":"https:\/\/commparlimage.ca\/garage\/herazz\/?product=scor-buddy-imperial"},"modified":"2025-04-06T09:22:03","modified_gmt":"2025-04-06T13:22:03","slug":"scor-buddy-imperial","status":"publish","type":"product","link":"https:\/\/www.galerie-scrapbooking.com\/en\/produit\/scor-buddy-imperial\/","title":{"rendered":"Scor-Buddy imp\u00e9rial"},"content":{"rendered":"<p>Le ScorBuddy est con\u00e7u pour les fabricants de cartes en d\u00e9placement.<\/p>\n<p>Il a des rainures tous les 1\/8 de pouce sur la planche et des rainures de 0,11 pouce pour le premier et le dernier pouce de la planche.<\/p>\n<p>Un outil pour le pliage et un \u00e9tui en faux su\u00e8de sont inclus.<\/p>\n","protected":false},"excerpt":{"rendered":"<p>Scor-Buddy Eighths Mini Scoring Board 9&#8243;x7.5&#8243;<\/p>\n","protected":false},"featured_media":9052,"template":"","meta":{"_acf_changed":false},"product_brand":[],"product_cat":[398],"product_tag":[],"class_list":{"0":"post-9051","1":"product","2":"type-product","3":"status-publish","4":"has-post-thumbnail","6":"product_cat-scor-pal-scor-buddy","7":"pa_brand_nc-autres","9":"first","10":"instock","11":"taxable","12":"shipping-taxable","13":"purchasable","14":"product-type-simple"},"acf":[],"aioseo_notices":[],"_links":{"self":[{"href":"https:\/\/www.galerie-scrapbooking.com\/en\/wp-json\/wp\/v2\/product\/9051","targetHints":{"allow":["GET"]}}],"collection":[{"href":"https:\/\/www.galerie-scrapbooking.com\/en\/wp-json\/wp\/v2\/product"}],"about":[{"href":"https:\/\/www.galerie-scrapbooking.com\/en\/wp-json\/wp\/v2\/types\/product"}],"wp:featuredmedia":[{"embeddable":true,"href":"https:\/\/www.galerie-scrapbooking.com\/en\/wp-json\/wp\/v2\/media\/9052"}],"wp:attachment":[{"href":"https:\/\/www.galerie-scrapbooking.com\/en\/wp-json\/wp\/v2\/media?parent=9051"}],"wp:term":[{"taxonomy":"product_brand","embeddable":true,"href":"https:\/\/www.galerie-scrapbooking.com\/en\/wp-json\/wp\/v2\/product_brand?post=9051"},{"taxonomy":"product_cat","embeddable":true,"href":"https:\/\/www.galerie-scrapbooking.com\/en\/wp-json\/wp\/v2\/product_cat?post=9051"},{"taxonomy":"product_tag","embeddable":true,"href":"https:\/\/www.galerie-scrapbooking.com\/en\/wp-json\/wp\/v2\/product_tag?post=9051"}],"curies":[{"name":"wp","href":"https:\/\/api.w.org\/{rel}","templated":true}]}}