{"id":9030,"date":"2021-04-21T19:24:00","date_gmt":"2021-04-21T19:24:00","guid":{"rendered":"https:\/\/commparlimage.ca\/garage\/herazz\/?product=spellbinders-bijoux-autocollants-argent"},"modified":"2025-10-17T07:30:14","modified_gmt":"2025-10-17T11:30:14","slug":"spellbinders-bijoux-autocollants-argent","status":"publish","type":"product","link":"https:\/\/www.galerie-scrapbooking.com\/en\/produit\/spellbinders-bijoux-autocollants-argent\/","title":{"rendered":"Spellbinders Bijoux autocollants Argent"},"content":{"rendered":"<p>De Spellbinders. Ajoutez de l&#8217;\u00e9clat suppl\u00e9mentaire \u00e0 votre fabrication de cartes et \u00e0 d&#8217;autres projets avec des cristaux magnifiquement organis\u00e9s en quatre tailles.<\/p>\n<p>Chaque paquet contient 108 embellissements de 2 -3 &#8211; 4 &#8211; 5 mm.<\/p>\n","protected":false},"excerpt":{"rendered":"<p>Spellbinders Color Essentials Gems 108\/Pkg &#8211; Silver Mix<\/p>\n","protected":false},"featured_media":9031,"template":"","meta":{"_acf_changed":false},"product_brand":[],"product_cat":[84],"product_tag":[],"class_list":{"0":"post-9030","1":"product","2":"type-product","3":"status-publish","4":"has-post-thumbnail","6":"product_cat-bijou-autre-scrapbooking","7":"pa_brand_nc-spellbinders","9":"first","10":"instock","11":"taxable","12":"shipping-taxable","13":"purchasable","14":"product-type-simple"},"acf":[],"aioseo_notices":[],"_links":{"self":[{"href":"https:\/\/www.galerie-scrapbooking.com\/en\/wp-json\/wp\/v2\/product\/9030","targetHints":{"allow":["GET"]}}],"collection":[{"href":"https:\/\/www.galerie-scrapbooking.com\/en\/wp-json\/wp\/v2\/product"}],"about":[{"href":"https:\/\/www.galerie-scrapbooking.com\/en\/wp-json\/wp\/v2\/types\/product"}],"wp:featuredmedia":[{"embeddable":true,"href":"https:\/\/www.galerie-scrapbooking.com\/en\/wp-json\/wp\/v2\/media\/9031"}],"wp:attachment":[{"href":"https:\/\/www.galerie-scrapbooking.com\/en\/wp-json\/wp\/v2\/media?parent=9030"}],"wp:term":[{"taxonomy":"product_brand","embeddable":true,"href":"https:\/\/www.galerie-scrapbooking.com\/en\/wp-json\/wp\/v2\/product_brand?post=9030"},{"taxonomy":"product_cat","embeddable":true,"href":"https:\/\/www.galerie-scrapbooking.com\/en\/wp-json\/wp\/v2\/product_cat?post=9030"},{"taxonomy":"product_tag","embeddable":true,"href":"https:\/\/www.galerie-scrapbooking.com\/en\/wp-json\/wp\/v2\/product_tag?post=9030"}],"curies":[{"name":"wp","href":"https:\/\/api.w.org\/{rel}","templated":true}]}}