{"id":8916,"date":"2021-04-07T14:24:21","date_gmt":"2021-04-07T14:24:21","guid":{"rendered":"https:\/\/commparlimage.ca\/garage\/herazz\/?product=adhesifs-3d-lisieres-noires"},"modified":"2025-11-22T10:05:37","modified_gmt":"2025-11-22T15:05:37","slug":"adhesifs-3d-lisieres-noires","status":"publish","type":"product","link":"https:\/\/www.galerie-scrapbooking.com\/en\/produit\/adhesifs-3d-lisieres-noires\/","title":{"rendered":"Adh\u00e9sifs 3D Lisi\u00e8res noires"},"content":{"rendered":"<h1>Adh\u00e9sifs 3D Lisi\u00e8res noires<\/h1>\n<p>Les adh\u00e9sif 3D permettent de soulever vos papiers, cartons, embellissements afin de donner de la dimension \u00e0 vos pages, cartes ou autres projets de scrapbooking.<\/p>\n<p>Contient: 76 pi\u00e8ces.<\/p>\n<p>0.12 x 3.93 x 0.08 pouces &#8211; 3.0 x 100.0 x 2.0 mm.<\/p>\n","protected":false},"excerpt":{"rendered":"<p>Scrapbook Adhesives 3D Foam Strips 76\/Pkg<\/p>\n","protected":false},"featured_media":8917,"template":"","meta":{"_acf_changed":false},"product_brand":[],"product_cat":[44],"product_tag":[],"class_list":{"0":"post-8916","1":"product","2":"type-product","3":"status-publish","4":"has-post-thumbnail","6":"product_cat-adhesifs-3d","7":"pa_brand_nc-scrapbook-adhesive","9":"first","10":"instock","11":"taxable","12":"shipping-taxable","13":"purchasable","14":"product-type-simple"},"acf":[],"aioseo_notices":[],"_links":{"self":[{"href":"https:\/\/www.galerie-scrapbooking.com\/en\/wp-json\/wp\/v2\/product\/8916","targetHints":{"allow":["GET"]}}],"collection":[{"href":"https:\/\/www.galerie-scrapbooking.com\/en\/wp-json\/wp\/v2\/product"}],"about":[{"href":"https:\/\/www.galerie-scrapbooking.com\/en\/wp-json\/wp\/v2\/types\/product"}],"wp:featuredmedia":[{"embeddable":true,"href":"https:\/\/www.galerie-scrapbooking.com\/en\/wp-json\/wp\/v2\/media\/8917"}],"wp:attachment":[{"href":"https:\/\/www.galerie-scrapbooking.com\/en\/wp-json\/wp\/v2\/media?parent=8916"}],"wp:term":[{"taxonomy":"product_brand","embeddable":true,"href":"https:\/\/www.galerie-scrapbooking.com\/en\/wp-json\/wp\/v2\/product_brand?post=8916"},{"taxonomy":"product_cat","embeddable":true,"href":"https:\/\/www.galerie-scrapbooking.com\/en\/wp-json\/wp\/v2\/product_cat?post=8916"},{"taxonomy":"product_tag","embeddable":true,"href":"https:\/\/www.galerie-scrapbooking.com\/en\/wp-json\/wp\/v2\/product_tag?post=8916"}],"curies":[{"name":"wp","href":"https:\/\/api.w.org\/{rel}","templated":true}]}}