{"id":8913,"date":"2021-04-07T14:22:43","date_gmt":"2021-04-07T14:22:43","guid":{"rendered":"https:\/\/commparlimage.ca\/garage\/herazz\/?product=adhesifs-3d-cercles-noirs"},"modified":"2025-11-22T10:05:35","modified_gmt":"2025-11-22T15:05:35","slug":"adhesifs-3d-cercles-noirs","status":"publish","type":"product","link":"https:\/\/www.galerie-scrapbooking.com\/en\/produit\/adhesifs-3d-cercles-noirs\/","title":{"rendered":"Adh\u00e9sifs 3D Cercles noirs"},"content":{"rendered":"<p>Les adh\u00e9sif 3D permettent de soulever vos papiers, cartons, embellissements afin de donner de la dimension \u00e0 vos pages, cartes ou autres projets de scrapbooking.<\/p>\n<p>Vous pouves utiliser des glitter ou des papiers foil pour cr\u00e9er des cadres 3D.<\/p>\n<p>Contient: 26 pi\u00e8ces.<\/p>\n<p>Le plus grand: 3.74 pouces &#8211; 95 mm.<\/p>\n<p>Le plus petit: 0.59 pouce &#8211; 15 mm.<\/p>\n<p>0.2 pouce &#8211; 5 mm de largeur &#8211; 0.08 pouce &#8211; 2 mm. de hauteur<\/p>\n","protected":false},"excerpt":{"rendered":"<p>Scrapbook Adhesives 3D Foam Circle Frames 26\/Pkg &#8211; Permanent, Black, .08&#8243;<\/p>\n","protected":false},"featured_media":8914,"template":"","meta":{"_acf_changed":false},"product_brand":[],"product_cat":[44],"product_tag":[],"class_list":{"0":"post-8913","1":"product","2":"type-product","3":"status-publish","4":"has-post-thumbnail","6":"product_cat-adhesifs-3d","7":"pa_brand_nc-scrapbook-adhesive","9":"first","10":"instock","11":"taxable","12":"shipping-taxable","13":"purchasable","14":"product-type-simple"},"acf":[],"aioseo_notices":[],"_links":{"self":[{"href":"https:\/\/www.galerie-scrapbooking.com\/en\/wp-json\/wp\/v2\/product\/8913","targetHints":{"allow":["GET"]}}],"collection":[{"href":"https:\/\/www.galerie-scrapbooking.com\/en\/wp-json\/wp\/v2\/product"}],"about":[{"href":"https:\/\/www.galerie-scrapbooking.com\/en\/wp-json\/wp\/v2\/types\/product"}],"wp:featuredmedia":[{"embeddable":true,"href":"https:\/\/www.galerie-scrapbooking.com\/en\/wp-json\/wp\/v2\/media\/8914"}],"wp:attachment":[{"href":"https:\/\/www.galerie-scrapbooking.com\/en\/wp-json\/wp\/v2\/media?parent=8913"}],"wp:term":[{"taxonomy":"product_brand","embeddable":true,"href":"https:\/\/www.galerie-scrapbooking.com\/en\/wp-json\/wp\/v2\/product_brand?post=8913"},{"taxonomy":"product_cat","embeddable":true,"href":"https:\/\/www.galerie-scrapbooking.com\/en\/wp-json\/wp\/v2\/product_cat?post=8913"},{"taxonomy":"product_tag","embeddable":true,"href":"https:\/\/www.galerie-scrapbooking.com\/en\/wp-json\/wp\/v2\/product_tag?post=8913"}],"curies":[{"name":"wp","href":"https:\/\/api.w.org\/{rel}","templated":true}]}}