{"id":8904,"date":"2021-04-07T14:09:16","date_gmt":"2021-04-07T14:09:16","guid":{"rendered":"https:\/\/commparlimage.ca\/garage\/herazz\/?product=adhesifs-3d-micro-carres-noirs"},"modified":"2025-07-07T10:55:45","modified_gmt":"2025-07-07T14:55:45","slug":"adhesifs-3d-micro-carres-noirs","status":"publish","type":"product","link":"https:\/\/www.galerie-scrapbooking.com\/en\/produit\/adhesifs-3d-micro-carres-noirs\/","title":{"rendered":"Adh\u00e9sifs 3D Micro Carr\u00e9s noirs"},"content":{"rendered":"<p>Les carr\u00e9s adh\u00e9sif 3D permettent de soulever vos papiers, cartons, embellissements afin de donner de la dimension \u00e0 vos pages, cartes ou autres projets de scrapbooking.<\/p>\n<p>Contient: 2508 pi\u00e8ces<\/p>\n<p>0.12 x 0.12 x 0.08 pouces &#8211; 3.0 x 3.0 x 2.0 mm.<\/p>\n","protected":false},"excerpt":{"rendered":"<p>Scrapbook Adhesives 3D Foam Micro Squares 2508\/Pkg &#8211; Black<\/p>\n","protected":false},"featured_media":8905,"template":"","meta":{"_acf_changed":false},"product_brand":[],"product_cat":[44],"product_tag":[],"class_list":{"0":"post-8904","1":"product","2":"type-product","3":"status-publish","4":"has-post-thumbnail","6":"product_cat-adhesifs-3d","7":"pa_brand_nc-scrapbook-adhesive","9":"first","10":"instock","11":"taxable","12":"shipping-taxable","13":"purchasable","14":"product-type-simple"},"acf":[],"aioseo_notices":[],"_links":{"self":[{"href":"https:\/\/www.galerie-scrapbooking.com\/en\/wp-json\/wp\/v2\/product\/8904","targetHints":{"allow":["GET"]}}],"collection":[{"href":"https:\/\/www.galerie-scrapbooking.com\/en\/wp-json\/wp\/v2\/product"}],"about":[{"href":"https:\/\/www.galerie-scrapbooking.com\/en\/wp-json\/wp\/v2\/types\/product"}],"wp:featuredmedia":[{"embeddable":true,"href":"https:\/\/www.galerie-scrapbooking.com\/en\/wp-json\/wp\/v2\/media\/8905"}],"wp:attachment":[{"href":"https:\/\/www.galerie-scrapbooking.com\/en\/wp-json\/wp\/v2\/media?parent=8904"}],"wp:term":[{"taxonomy":"product_brand","embeddable":true,"href":"https:\/\/www.galerie-scrapbooking.com\/en\/wp-json\/wp\/v2\/product_brand?post=8904"},{"taxonomy":"product_cat","embeddable":true,"href":"https:\/\/www.galerie-scrapbooking.com\/en\/wp-json\/wp\/v2\/product_cat?post=8904"},{"taxonomy":"product_tag","embeddable":true,"href":"https:\/\/www.galerie-scrapbooking.com\/en\/wp-json\/wp\/v2\/product_tag?post=8904"}],"curies":[{"name":"wp","href":"https:\/\/api.w.org\/{rel}","templated":true}]}}