{"id":8740,"date":"2021-03-17T17:33:27","date_gmt":"2021-03-17T17:33:27","guid":{"rendered":"https:\/\/commparlimage.ca\/garage\/herazz\/?product=maker-forte-bijoux-couronnement-violet"},"modified":"2024-10-29T18:26:18","modified_gmt":"2024-10-29T22:26:18","slug":"maker-forte-bijoux-couronnement-violet","status":"publish","type":"product","link":"https:\/\/www.galerie-scrapbooking.com\/en\/produit\/maker-forte-bijoux-couronnement-violet\/","title":{"rendered":"Maker Forte Bijoux Couronnement Violet"},"content":{"rendered":"<p>Les bijoux de Maker Forte Crown peuvent \u00eatre utilis\u00e9s de diff\u00e9rentes mani\u00e8res pour ajouter de l&#8217;\u00e9clat et de la dimension \u00e0 tous vos projets, des cartes et albums de scrapbooking.<\/p>\n<p>Chaque contenant contient 8 grammes de bijoux de 3.0 &#8211; 3.2 mm..<\/p>\n","protected":false},"excerpt":{"rendered":"<p>Maker Forte Crown Jewel Gems 8gr &#8211; Coronation Purple<\/p>\n","protected":false},"featured_media":8741,"template":"","meta":{"_acf_changed":false},"product_brand":[],"product_cat":[84],"product_tag":[],"class_list":{"0":"post-8740","1":"product","2":"type-product","3":"status-publish","4":"has-post-thumbnail","6":"product_cat-bijou-autre-scrapbooking","7":"pa_brand_nc-autres","9":"first","10":"instock","11":"taxable","12":"shipping-taxable","13":"purchasable","14":"product-type-simple"},"acf":[],"aioseo_notices":[],"_links":{"self":[{"href":"https:\/\/www.galerie-scrapbooking.com\/en\/wp-json\/wp\/v2\/product\/8740","targetHints":{"allow":["GET"]}}],"collection":[{"href":"https:\/\/www.galerie-scrapbooking.com\/en\/wp-json\/wp\/v2\/product"}],"about":[{"href":"https:\/\/www.galerie-scrapbooking.com\/en\/wp-json\/wp\/v2\/types\/product"}],"wp:featuredmedia":[{"embeddable":true,"href":"https:\/\/www.galerie-scrapbooking.com\/en\/wp-json\/wp\/v2\/media\/8741"}],"wp:attachment":[{"href":"https:\/\/www.galerie-scrapbooking.com\/en\/wp-json\/wp\/v2\/media?parent=8740"}],"wp:term":[{"taxonomy":"product_brand","embeddable":true,"href":"https:\/\/www.galerie-scrapbooking.com\/en\/wp-json\/wp\/v2\/product_brand?post=8740"},{"taxonomy":"product_cat","embeddable":true,"href":"https:\/\/www.galerie-scrapbooking.com\/en\/wp-json\/wp\/v2\/product_cat?post=8740"},{"taxonomy":"product_tag","embeddable":true,"href":"https:\/\/www.galerie-scrapbooking.com\/en\/wp-json\/wp\/v2\/product_tag?post=8740"}],"curies":[{"name":"wp","href":"https:\/\/api.w.org\/{rel}","templated":true}]}}