{"id":8702,"date":"2021-03-16T17:50:47","date_gmt":"2021-03-16T17:50:47","guid":{"rendered":"https:\/\/commparlimage.ca\/garage\/herazz\/?product=we-r-memory-keepers-poincon-ajustable-6-trous"},"modified":"2024-02-23T21:13:57","modified_gmt":"2024-02-24T02:13:57","slug":"we-r-memory-keepers-poincon-ajustable-6-trous","status":"publish","type":"product","link":"https:\/\/www.galerie-scrapbooking.com\/en\/produit\/we-r-memory-keepers-poincon-ajustable-6-trous\/","title":{"rendered":"We R Memory Keepers Poin\u00e7on ajustable 6 trous"},"content":{"rendered":"<p>Poin\u00e7on ajustable avec bordure d&#8217;alignement pour poin\u00e7onner plus de 6 tailles diff\u00e9rentes de We R Memory Keepers!<\/p>\n","protected":false},"excerpt":{"rendered":"<p>We R Memory Keepers 6 Hole Punch<\/p>\n","protected":false},"featured_media":8703,"template":"","meta":{"_acf_changed":false},"product_brand":[],"product_cat":[133,385],"product_tag":[],"class_list":{"0":"post-8702","1":"product","2":"type-product","3":"status-publish","4":"has-post-thumbnail","6":"product_cat-perforatrices-scrapbooking-autres","7":"product_cat-we-r-memory-keepers","8":"pa_brand_nc-we-r-memory-keepers","10":"first","11":"instock","12":"taxable","13":"shipping-taxable","14":"purchasable","15":"product-type-simple"},"acf":[],"aioseo_notices":[],"_links":{"self":[{"href":"https:\/\/www.galerie-scrapbooking.com\/en\/wp-json\/wp\/v2\/product\/8702","targetHints":{"allow":["GET"]}}],"collection":[{"href":"https:\/\/www.galerie-scrapbooking.com\/en\/wp-json\/wp\/v2\/product"}],"about":[{"href":"https:\/\/www.galerie-scrapbooking.com\/en\/wp-json\/wp\/v2\/types\/product"}],"wp:featuredmedia":[{"embeddable":true,"href":"https:\/\/www.galerie-scrapbooking.com\/en\/wp-json\/wp\/v2\/media\/8703"}],"wp:attachment":[{"href":"https:\/\/www.galerie-scrapbooking.com\/en\/wp-json\/wp\/v2\/media?parent=8702"}],"wp:term":[{"taxonomy":"product_brand","embeddable":true,"href":"https:\/\/www.galerie-scrapbooking.com\/en\/wp-json\/wp\/v2\/product_brand?post=8702"},{"taxonomy":"product_cat","embeddable":true,"href":"https:\/\/www.galerie-scrapbooking.com\/en\/wp-json\/wp\/v2\/product_cat?post=8702"},{"taxonomy":"product_tag","embeddable":true,"href":"https:\/\/www.galerie-scrapbooking.com\/en\/wp-json\/wp\/v2\/product_tag?post=8702"}],"curies":[{"name":"wp","href":"https:\/\/api.w.org\/{rel}","templated":true}]}}