{"id":8626,"date":"2021-03-09T19:33:39","date_gmt":"2021-03-09T19:33:39","guid":{"rendered":"https:\/\/commparlimage.ca\/garage\/herazz\/?product=lavinia-etampe-escargot-miniature"},"modified":"2025-11-03T17:00:28","modified_gmt":"2025-11-03T22:00:28","slug":"lavinia-etampe-escargot-miniature","status":"publish","type":"product","link":"https:\/\/www.galerie-scrapbooking.com\/en\/produit\/lavinia-etampe-escargot-miniature\/","title":{"rendered":"Lavinia \u00c9tampe Escargot Miniature"},"content":{"rendered":"<p>\u00c9tampes acrylique, id\u00e9ales pour vos cartes ou pages de scrapbooking.<\/p>\n<p>N\u00e9cessite l&#8217;utilisation d&#8217;un bloc acrylique.<\/p>\n<p>Dimension approximative:<\/p>\n<p>2.0 x 2.0 cm.<\/p>\n","protected":false},"excerpt":{"rendered":"<p>Lavinia Stamp &#8211; Snail Miniature<\/p>\n","protected":false},"featured_media":8627,"template":"","meta":{"_acf_changed":false},"product_brand":[],"product_cat":[421,342],"product_tag":[],"class_list":{"0":"post-8626","1":"product","2":"type-product","3":"status-publish","4":"has-post-thumbnail","6":"product_cat-animaux-insectes","7":"product_cat-etampes-lavinia","8":"pa_brand_nc-lavinia","10":"first","11":"instock","12":"taxable","13":"shipping-taxable","14":"purchasable","15":"product-type-simple"},"acf":[],"aioseo_notices":[],"_links":{"self":[{"href":"https:\/\/www.galerie-scrapbooking.com\/en\/wp-json\/wp\/v2\/product\/8626","targetHints":{"allow":["GET"]}}],"collection":[{"href":"https:\/\/www.galerie-scrapbooking.com\/en\/wp-json\/wp\/v2\/product"}],"about":[{"href":"https:\/\/www.galerie-scrapbooking.com\/en\/wp-json\/wp\/v2\/types\/product"}],"wp:featuredmedia":[{"embeddable":true,"href":"https:\/\/www.galerie-scrapbooking.com\/en\/wp-json\/wp\/v2\/media\/8627"}],"wp:attachment":[{"href":"https:\/\/www.galerie-scrapbooking.com\/en\/wp-json\/wp\/v2\/media?parent=8626"}],"wp:term":[{"taxonomy":"product_brand","embeddable":true,"href":"https:\/\/www.galerie-scrapbooking.com\/en\/wp-json\/wp\/v2\/product_brand?post=8626"},{"taxonomy":"product_cat","embeddable":true,"href":"https:\/\/www.galerie-scrapbooking.com\/en\/wp-json\/wp\/v2\/product_cat?post=8626"},{"taxonomy":"product_tag","embeddable":true,"href":"https:\/\/www.galerie-scrapbooking.com\/en\/wp-json\/wp\/v2\/product_tag?post=8626"}],"curies":[{"name":"wp","href":"https:\/\/api.w.org\/{rel}","templated":true}]}}