{"id":8622,"date":"2021-03-09T19:11:04","date_gmt":"2021-03-09T19:11:04","guid":{"rendered":"https:\/\/commparlimage.ca\/garage\/herazz\/?product=encre-lavinia-blue-lagoon"},"modified":"2026-02-12T10:07:00","modified_gmt":"2026-02-12T15:07:00","slug":"encre-lavinia-blue-lagoon","status":"publish","type":"product","link":"https:\/\/www.galerie-scrapbooking.com\/en\/produit\/encre-lavinia-blue-lagoon\/","title":{"rendered":"Encre Lavinia Blue Lagoon"},"content":{"rendered":"<h1>Encre Lavinia Blue Lagoon<\/h1>\n<p>L&#8217;encre Elements de Lavinia est id\u00e9ale lorsque vous vous servez des \u00e9tampes Lavinia.<\/p>\n<p>La collection Elements fonctionne \u00e0 merveille avec la plaque g\u00e9lifi\u00e9e Gel Press et ils ont mis au point un tampon encreur qui se marie bien, avec une faible teneur en eau pour donner une finition lisse et uniforme.<\/p>\n<p>Les encres Elements Premium fonctionnent \u00e9galement \u00e0 merveille avec les m\u00e9langes de smoothies et le Brayer, et sont une solution parfaite pour des arri\u00e8re-plans incroyables.<\/p>\n","protected":false},"excerpt":{"rendered":"<p>Lavinia Elements Premium Dye Ink<\/p>\n","protected":false},"featured_media":8623,"template":"","meta":{"_acf_changed":false},"product_brand":[],"product_cat":[396],"product_tag":[],"class_list":{"0":"post-8622","1":"product","2":"type-product","3":"status-publish","4":"has-post-thumbnail","6":"product_cat-lavinia-elements","7":"pa_brand_nc-lavinia","9":"first","10":"instock","11":"taxable","12":"shipping-taxable","13":"purchasable","14":"product-type-simple"},"acf":[],"aioseo_notices":[],"_links":{"self":[{"href":"https:\/\/www.galerie-scrapbooking.com\/en\/wp-json\/wp\/v2\/product\/8622","targetHints":{"allow":["GET"]}}],"collection":[{"href":"https:\/\/www.galerie-scrapbooking.com\/en\/wp-json\/wp\/v2\/product"}],"about":[{"href":"https:\/\/www.galerie-scrapbooking.com\/en\/wp-json\/wp\/v2\/types\/product"}],"wp:featuredmedia":[{"embeddable":true,"href":"https:\/\/www.galerie-scrapbooking.com\/en\/wp-json\/wp\/v2\/media\/8623"}],"wp:attachment":[{"href":"https:\/\/www.galerie-scrapbooking.com\/en\/wp-json\/wp\/v2\/media?parent=8622"}],"wp:term":[{"taxonomy":"product_brand","embeddable":true,"href":"https:\/\/www.galerie-scrapbooking.com\/en\/wp-json\/wp\/v2\/product_brand?post=8622"},{"taxonomy":"product_cat","embeddable":true,"href":"https:\/\/www.galerie-scrapbooking.com\/en\/wp-json\/wp\/v2\/product_cat?post=8622"},{"taxonomy":"product_tag","embeddable":true,"href":"https:\/\/www.galerie-scrapbooking.com\/en\/wp-json\/wp\/v2\/product_tag?post=8622"}],"curies":[{"name":"wp","href":"https:\/\/api.w.org\/{rel}","templated":true}]}}