{"id":8594,"date":"2021-03-03T15:32:57","date_gmt":"2021-03-03T15:32:57","guid":{"rendered":"https:\/\/commparlimage.ca\/garage\/herazz\/?product=ciao-bella-etampe-taille-et-poids-du-bebe"},"modified":"2024-02-25T09:44:50","modified_gmt":"2024-02-25T14:44:50","slug":"ciao-bella-etampe-taille-et-poids-du-bebe","status":"publish","type":"product","link":"https:\/\/www.galerie-scrapbooking.com\/en\/produit\/ciao-bella-etampe-taille-et-poids-du-bebe\/","title":{"rendered":"Ciao Bella \u00c9tampe Taille et Poids du B\u00e9b\u00e9"},"content":{"rendered":"<p>&Eacute;tampes acrylique, id&eacute;ales pour vos cartes ou pages de scrapbooking.<\/p>\n<p>N&eacute;cessite l&#8217;utilisation d&#8217;un bloc acrylique.<\/p>\n<p>Dimension approximative:<\/p>\n<p>4.0 x 6.0 pouces<\/p>\n","protected":false},"excerpt":{"rendered":"<p>Ciao Bella Stamping Art Clear Stamps 4&#8243;X6&#8243; &#8211; Baby Height &#038; Weight<\/p>\n","protected":false},"featured_media":8595,"template":"","meta":{"_acf_changed":false},"product_brand":[],"product_cat":[282],"product_tag":[],"class_list":{"0":"post-8594","1":"product","2":"type-product","3":"status-publish","4":"has-post-thumbnail","6":"product_cat-etampe-ciao-bella","7":"pa_brand_nc-ciao-bella","9":"first","10":"instock","11":"taxable","12":"shipping-taxable","13":"purchasable","14":"product-type-simple"},"acf":[],"aioseo_notices":[],"_links":{"self":[{"href":"https:\/\/www.galerie-scrapbooking.com\/en\/wp-json\/wp\/v2\/product\/8594","targetHints":{"allow":["GET"]}}],"collection":[{"href":"https:\/\/www.galerie-scrapbooking.com\/en\/wp-json\/wp\/v2\/product"}],"about":[{"href":"https:\/\/www.galerie-scrapbooking.com\/en\/wp-json\/wp\/v2\/types\/product"}],"wp:featuredmedia":[{"embeddable":true,"href":"https:\/\/www.galerie-scrapbooking.com\/en\/wp-json\/wp\/v2\/media\/8595"}],"wp:attachment":[{"href":"https:\/\/www.galerie-scrapbooking.com\/en\/wp-json\/wp\/v2\/media?parent=8594"}],"wp:term":[{"taxonomy":"product_brand","embeddable":true,"href":"https:\/\/www.galerie-scrapbooking.com\/en\/wp-json\/wp\/v2\/product_brand?post=8594"},{"taxonomy":"product_cat","embeddable":true,"href":"https:\/\/www.galerie-scrapbooking.com\/en\/wp-json\/wp\/v2\/product_cat?post=8594"},{"taxonomy":"product_tag","embeddable":true,"href":"https:\/\/www.galerie-scrapbooking.com\/en\/wp-json\/wp\/v2\/product_tag?post=8594"}],"curies":[{"name":"wp","href":"https:\/\/api.w.org\/{rel}","templated":true}]}}