{"id":8345,"date":"2021-02-10T14:48:47","date_gmt":"2021-02-10T14:48:47","guid":{"rendered":"https:\/\/commparlimage.ca\/garage\/herazz\/?product=lavinia-masques-acetate-collines"},"modified":"2025-02-21T14:35:15","modified_gmt":"2025-02-21T19:35:15","slug":"lavinia-masques-acetate-collines","status":"publish","type":"product","link":"https:\/\/www.galerie-scrapbooking.com\/en\/produit\/lavinia-masques-acetate-collines\/","title":{"rendered":"Lavinia Masques ac\u00e9tate Collines"},"content":{"rendered":"<h1>Lavinia Masques ac\u00e9tate Collines<\/h1>\n<p>\u00c0 utiliser avec un pinceau \u00e0 pochoir ou un smoothie pour cr\u00e9er des effets r\u00e9alistes de collines sur vos arri\u00e8re-plans<\/p>\n","protected":false},"excerpt":{"rendered":"<p>Lavinia Acetate Circle Masks &#8211; Hill<\/p>\n","protected":false},"featured_media":8346,"template":"","meta":{"_acf_changed":false},"product_brand":[],"product_cat":[379,105],"product_tag":[],"class_list":{"0":"post-8345","1":"product","2":"type-product","3":"status-publish","4":"has-post-thumbnail","6":"product_cat-stencil-lavinia","7":"product_cat-masques-scrapbooking","8":"pa_brand_nc-lavinia","10":"first","11":"instock","12":"taxable","13":"shipping-taxable","14":"purchasable","15":"product-type-simple"},"acf":[],"aioseo_notices":[],"_links":{"self":[{"href":"https:\/\/www.galerie-scrapbooking.com\/en\/wp-json\/wp\/v2\/product\/8345","targetHints":{"allow":["GET"]}}],"collection":[{"href":"https:\/\/www.galerie-scrapbooking.com\/en\/wp-json\/wp\/v2\/product"}],"about":[{"href":"https:\/\/www.galerie-scrapbooking.com\/en\/wp-json\/wp\/v2\/types\/product"}],"wp:featuredmedia":[{"embeddable":true,"href":"https:\/\/www.galerie-scrapbooking.com\/en\/wp-json\/wp\/v2\/media\/8346"}],"wp:attachment":[{"href":"https:\/\/www.galerie-scrapbooking.com\/en\/wp-json\/wp\/v2\/media?parent=8345"}],"wp:term":[{"taxonomy":"product_brand","embeddable":true,"href":"https:\/\/www.galerie-scrapbooking.com\/en\/wp-json\/wp\/v2\/product_brand?post=8345"},{"taxonomy":"product_cat","embeddable":true,"href":"https:\/\/www.galerie-scrapbooking.com\/en\/wp-json\/wp\/v2\/product_cat?post=8345"},{"taxonomy":"product_tag","embeddable":true,"href":"https:\/\/www.galerie-scrapbooking.com\/en\/wp-json\/wp\/v2\/product_tag?post=8345"}],"curies":[{"name":"wp","href":"https:\/\/api.w.org\/{rel}","templated":true}]}}