{"id":8343,"date":"2021-02-10T14:45:16","date_gmt":"2021-02-10T14:45:16","guid":{"rendered":"https:\/\/commparlimage.ca\/garage\/herazz\/?product=lavinia-masques-acetate-cercles"},"modified":"2026-02-12T09:33:35","modified_gmt":"2026-02-12T14:33:35","slug":"lavinia-masques-acetate-cercles","status":"publish","type":"product","link":"https:\/\/www.galerie-scrapbooking.com\/en\/produit\/lavinia-masques-acetate-cercles\/","title":{"rendered":"Lavinia Masques ac\u00e9tate Cercles"},"content":{"rendered":"<h1>Lavinia Masques ac\u00e9tates Cercles<\/h1>\n<p>\u00c0 utiliser avec un pinceau \u00e0 pochoir ou un smoothie pour cr\u00e9er des effets r\u00e9alistes du soleil et de la lune sur vos arri\u00e8re-plans.<\/p>\n<p>Comprend 3 masques circulaires et 2 carr\u00e9s avec un cercle d\u00e9coup\u00e9 au centre (5 pi\u00e8ces).<\/p>\n","protected":false},"excerpt":{"rendered":"<p>Lavinia Acetate Circle Masks &#8211; Circle<\/p>\n","protected":false},"featured_media":8344,"template":"","meta":{"_acf_changed":false},"product_brand":[],"product_cat":[379,105],"product_tag":[],"class_list":{"0":"post-8343","1":"product","2":"type-product","3":"status-publish","4":"has-post-thumbnail","6":"product_cat-stencil-lavinia","7":"product_cat-masques-scrapbooking","8":"pa_brand_nc-lavinia","10":"first","11":"instock","12":"taxable","13":"shipping-taxable","14":"purchasable","15":"product-type-simple"},"acf":[],"aioseo_notices":[],"_links":{"self":[{"href":"https:\/\/www.galerie-scrapbooking.com\/en\/wp-json\/wp\/v2\/product\/8343","targetHints":{"allow":["GET"]}}],"collection":[{"href":"https:\/\/www.galerie-scrapbooking.com\/en\/wp-json\/wp\/v2\/product"}],"about":[{"href":"https:\/\/www.galerie-scrapbooking.com\/en\/wp-json\/wp\/v2\/types\/product"}],"wp:featuredmedia":[{"embeddable":true,"href":"https:\/\/www.galerie-scrapbooking.com\/en\/wp-json\/wp\/v2\/media\/8344"}],"wp:attachment":[{"href":"https:\/\/www.galerie-scrapbooking.com\/en\/wp-json\/wp\/v2\/media?parent=8343"}],"wp:term":[{"taxonomy":"product_brand","embeddable":true,"href":"https:\/\/www.galerie-scrapbooking.com\/en\/wp-json\/wp\/v2\/product_brand?post=8343"},{"taxonomy":"product_cat","embeddable":true,"href":"https:\/\/www.galerie-scrapbooking.com\/en\/wp-json\/wp\/v2\/product_cat?post=8343"},{"taxonomy":"product_tag","embeddable":true,"href":"https:\/\/www.galerie-scrapbooking.com\/en\/wp-json\/wp\/v2\/product_tag?post=8343"}],"curies":[{"name":"wp","href":"https:\/\/api.w.org\/{rel}","templated":true}]}}