{"id":8292,"date":"2021-01-26T19:04:29","date_gmt":"2021-01-26T19:04:29","guid":{"rendered":"https:\/\/commparlimage.ca\/garage\/herazz\/?product=echo-park-autocollants-emailles-paques"},"modified":"2021-10-26T15:45:30","modified_gmt":"2021-10-26T15:45:30","slug":"echo-park-autocollants-emailles-paques","status":"publish","type":"product","link":"https:\/\/www.galerie-scrapbooking.com\/en\/produit\/echo-park-autocollants-emailles-paques\/","title":{"rendered":"Echo Park Autocollants \u00e9maill\u00e9s P\u00e2ques"},"content":{"rendered":"<p>Autocollants de scrapbooking parfaits pour embellir vos pages ou vos cartes de scrapbooking.<\/p>\n<p>60 pi&egrave;ces par paquet<\/p>\n<p>Grandeurs approximatives de l&#8217;emballage: 3.1 x 6.5 pouces<\/p>\n","protected":false},"excerpt":{"rendered":"<p>Echo Park Adhesive Enamel Dots 60\/Pkg &#8211; Welcome Easte<\/p>\n","protected":false},"featured_media":8293,"template":"","meta":{"_acf_changed":false},"product_brand":[],"product_cat":[84],"product_tag":[],"class_list":{"0":"post-8292","1":"product","2":"type-product","3":"status-publish","4":"has-post-thumbnail","6":"product_cat-bijou-autre-scrapbooking","7":"pa_brand_nc-echo-park-paper","9":"first","10":"instock","11":"taxable","12":"shipping-taxable","13":"purchasable","14":"product-type-simple"},"acf":[],"aioseo_notices":[],"_links":{"self":[{"href":"https:\/\/www.galerie-scrapbooking.com\/en\/wp-json\/wp\/v2\/product\/8292","targetHints":{"allow":["GET"]}}],"collection":[{"href":"https:\/\/www.galerie-scrapbooking.com\/en\/wp-json\/wp\/v2\/product"}],"about":[{"href":"https:\/\/www.galerie-scrapbooking.com\/en\/wp-json\/wp\/v2\/types\/product"}],"wp:featuredmedia":[{"embeddable":true,"href":"https:\/\/www.galerie-scrapbooking.com\/en\/wp-json\/wp\/v2\/media\/8293"}],"wp:attachment":[{"href":"https:\/\/www.galerie-scrapbooking.com\/en\/wp-json\/wp\/v2\/media?parent=8292"}],"wp:term":[{"taxonomy":"product_brand","embeddable":true,"href":"https:\/\/www.galerie-scrapbooking.com\/en\/wp-json\/wp\/v2\/product_brand?post=8292"},{"taxonomy":"product_cat","embeddable":true,"href":"https:\/\/www.galerie-scrapbooking.com\/en\/wp-json\/wp\/v2\/product_cat?post=8292"},{"taxonomy":"product_tag","embeddable":true,"href":"https:\/\/www.galerie-scrapbooking.com\/en\/wp-json\/wp\/v2\/product_tag?post=8292"}],"curies":[{"name":"wp","href":"https:\/\/api.w.org\/{rel}","templated":true}]}}