{"id":8288,"date":"2021-01-26T18:55:26","date_gmt":"2021-01-26T18:55:26","guid":{"rendered":"https:\/\/commparlimage.ca\/garage\/herazz\/?product=doodlebug-autocollants-emailles-cuisine-avec-amour"},"modified":"2021-10-26T15:45:12","modified_gmt":"2021-10-26T15:45:12","slug":"doodlebug-autocollants-emailles-cuisine-avec-amour","status":"publish","type":"product","link":"https:\/\/www.galerie-scrapbooking.com\/en\/produit\/doodlebug-autocollants-emailles-cuisine-avec-amour\/","title":{"rendered":"Doodlebug Autocollants \u00e9maill\u00e9s Cuisin\u00e9 avec Amour"},"content":{"rendered":"<p>Autocollants de scrapbooking parfaits pour embellir vos pages ou vos cartes de scrapbooking.<\/p>\n<p>16 pi&egrave;ces par paquet<\/p>\n<p>Grandeurs approximatives de l&#8217;emballage: 2.5 x 5.5 pouces<\/p>\n","protected":false},"excerpt":{"rendered":"<p>Doodlebug Sprinkles Adhesive Enamel Shapes &#8211; Baked With Love<\/p>\n","protected":false},"featured_media":8289,"template":"","meta":{"_acf_changed":false},"product_brand":[],"product_cat":[55],"product_tag":[],"class_list":{"0":"post-8288","1":"product","2":"type-product","3":"status-publish","4":"has-post-thumbnail","6":"product_cat-doodlebug-autocollants","7":"pa_brand_nc-doodlebug","9":"first","10":"instock","11":"taxable","12":"shipping-taxable","13":"purchasable","14":"product-type-simple"},"acf":[],"aioseo_notices":[],"_links":{"self":[{"href":"https:\/\/www.galerie-scrapbooking.com\/en\/wp-json\/wp\/v2\/product\/8288","targetHints":{"allow":["GET"]}}],"collection":[{"href":"https:\/\/www.galerie-scrapbooking.com\/en\/wp-json\/wp\/v2\/product"}],"about":[{"href":"https:\/\/www.galerie-scrapbooking.com\/en\/wp-json\/wp\/v2\/types\/product"}],"wp:featuredmedia":[{"embeddable":true,"href":"https:\/\/www.galerie-scrapbooking.com\/en\/wp-json\/wp\/v2\/media\/8289"}],"wp:attachment":[{"href":"https:\/\/www.galerie-scrapbooking.com\/en\/wp-json\/wp\/v2\/media?parent=8288"}],"wp:term":[{"taxonomy":"product_brand","embeddable":true,"href":"https:\/\/www.galerie-scrapbooking.com\/en\/wp-json\/wp\/v2\/product_brand?post=8288"},{"taxonomy":"product_cat","embeddable":true,"href":"https:\/\/www.galerie-scrapbooking.com\/en\/wp-json\/wp\/v2\/product_cat?post=8288"},{"taxonomy":"product_tag","embeddable":true,"href":"https:\/\/www.galerie-scrapbooking.com\/en\/wp-json\/wp\/v2\/product_tag?post=8288"}],"curies":[{"name":"wp","href":"https:\/\/api.w.org\/{rel}","templated":true}]}}