{"id":8271,"date":"2021-01-26T18:21:35","date_gmt":"2021-01-26T18:21:35","guid":{"rendered":"https:\/\/commparlimage.ca\/garage\/herazz\/?product=karen-burniston-dies-accordeon-a-etiquette-de-fantaisie"},"modified":"2024-11-08T14:42:24","modified_gmt":"2024-11-08T19:42:24","slug":"karen-burniston-dies-accordeon-a-etiquette-de-fantaisie","status":"publish","type":"product","link":"https:\/\/www.galerie-scrapbooking.com\/en\/produit\/karen-burniston-dies-accordeon-a-etiquette-de-fantaisie\/","title":{"rendered":"Karen Burniston Dies Accord\u00e9on \u00e0 \u00e9tiquette de fantaisie"},"content":{"rendered":"<p>Les matrices Karen Burniston donneront une touche suppl\u00e9mentaire \u00e0 tout projet de scrapbooking et sont compatibles avec la plupart des machines de d\u00e9coupe.<\/p>\n<p>Ce paquet contient un ensemble de 8 matrices m\u00e9talliques .<\/p>\n<p>Voici une vid\u00e9o de d\u00e9monstration de cette matrice:<\/p>\n<p><iframe loading=\"lazy\" src=\"https:\/\/www.youtube.com\/embed\/a2T2HY3HbJQ\" width=\"560\" height=\"315\" frameborder=\"0\" allowfullscreen=\"allowfullscreen\"><\/iframe><\/p>\n","protected":false},"excerpt":{"rendered":"<p>Karen Burniston Dies &#8211; Fancy Label Accordion<\/p>\n","protected":false},"featured_media":8272,"template":"","meta":{"_acf_changed":false},"product_brand":[],"product_cat":[351],"product_tag":[],"class_list":{"0":"post-8271","1":"product","2":"type-product","3":"status-publish","4":"has-post-thumbnail","6":"product_cat-karen-burniston-dies-matrices-decoupes","7":"pa_brand_nc-karen-burniston","9":"first","10":"instock","11":"taxable","12":"shipping-taxable","13":"purchasable","14":"product-type-simple"},"acf":[],"aioseo_notices":[],"_links":{"self":[{"href":"https:\/\/www.galerie-scrapbooking.com\/en\/wp-json\/wp\/v2\/product\/8271","targetHints":{"allow":["GET"]}}],"collection":[{"href":"https:\/\/www.galerie-scrapbooking.com\/en\/wp-json\/wp\/v2\/product"}],"about":[{"href":"https:\/\/www.galerie-scrapbooking.com\/en\/wp-json\/wp\/v2\/types\/product"}],"wp:featuredmedia":[{"embeddable":true,"href":"https:\/\/www.galerie-scrapbooking.com\/en\/wp-json\/wp\/v2\/media\/8272"}],"wp:attachment":[{"href":"https:\/\/www.galerie-scrapbooking.com\/en\/wp-json\/wp\/v2\/media?parent=8271"}],"wp:term":[{"taxonomy":"product_brand","embeddable":true,"href":"https:\/\/www.galerie-scrapbooking.com\/en\/wp-json\/wp\/v2\/product_brand?post=8271"},{"taxonomy":"product_cat","embeddable":true,"href":"https:\/\/www.galerie-scrapbooking.com\/en\/wp-json\/wp\/v2\/product_cat?post=8271"},{"taxonomy":"product_tag","embeddable":true,"href":"https:\/\/www.galerie-scrapbooking.com\/en\/wp-json\/wp\/v2\/product_tag?post=8271"}],"curies":[{"name":"wp","href":"https:\/\/api.w.org\/{rel}","templated":true}]}}