{"id":8243,"date":"2021-01-12T18:17:27","date_gmt":"2021-01-12T18:17:27","guid":{"rendered":"https:\/\/commparlimage.ca\/garage\/herazz\/?product=lavinia-palette-pour-peinture"},"modified":"2025-12-26T12:12:19","modified_gmt":"2025-12-26T17:12:19","slug":"lavinia-palette-pour-peinture","status":"publish","type":"product","link":"https:\/\/www.galerie-scrapbooking.com\/en\/produit\/lavinia-palette-pour-peinture\/","title":{"rendered":"Lavinia Palette pour peinture"},"content":{"rendered":"<p>Gardez vos peintures fra\u00eeches et emp\u00eachez-les de s\u00e9cher avec cette palette en plastique robuste.<\/p>\n<p>Comprend trois puits de m\u00e9lange centraux et 12 pots Pixie de 10 ml (anciennement appel\u00e9s Buddy Cups).<\/p>\n<p>Cette palette est id\u00e9ale pour ceux qui peignent sur place car chacun des 12 r\u00e9cipients est amovible et ont tous des couvercles amovibles.<\/p>\n<p>Con\u00e7u pour un plastique durable facile \u00e0 nettoyer. Mesure environ 20,5 x 15,5 cm x 2,0 cm.<\/p>\n<p>&nbsp;<\/p>\n","protected":false},"excerpt":{"rendered":"<p>Pixie Pots Painting Palette<\/p>\n","protected":false},"featured_media":8244,"template":"","meta":{"_acf_changed":false},"product_brand":[],"product_cat":[115,132],"product_tag":[],"class_list":{"0":"post-8243","1":"product","2":"type-product","3":"status-publish","4":"has-post-thumbnail","6":"product_cat-encres-accessoires","7":"product_cat-outils-accessoires-autres","8":"pa_brand_nc-lavinia","10":"first","11":"instock","12":"taxable","13":"shipping-taxable","14":"purchasable","15":"product-type-simple"},"acf":[],"aioseo_notices":[],"_links":{"self":[{"href":"https:\/\/www.galerie-scrapbooking.com\/en\/wp-json\/wp\/v2\/product\/8243","targetHints":{"allow":["GET"]}}],"collection":[{"href":"https:\/\/www.galerie-scrapbooking.com\/en\/wp-json\/wp\/v2\/product"}],"about":[{"href":"https:\/\/www.galerie-scrapbooking.com\/en\/wp-json\/wp\/v2\/types\/product"}],"wp:featuredmedia":[{"embeddable":true,"href":"https:\/\/www.galerie-scrapbooking.com\/en\/wp-json\/wp\/v2\/media\/8244"}],"wp:attachment":[{"href":"https:\/\/www.galerie-scrapbooking.com\/en\/wp-json\/wp\/v2\/media?parent=8243"}],"wp:term":[{"taxonomy":"product_brand","embeddable":true,"href":"https:\/\/www.galerie-scrapbooking.com\/en\/wp-json\/wp\/v2\/product_brand?post=8243"},{"taxonomy":"product_cat","embeddable":true,"href":"https:\/\/www.galerie-scrapbooking.com\/en\/wp-json\/wp\/v2\/product_cat?post=8243"},{"taxonomy":"product_tag","embeddable":true,"href":"https:\/\/www.galerie-scrapbooking.com\/en\/wp-json\/wp\/v2\/product_tag?post=8243"}],"curies":[{"name":"wp","href":"https:\/\/api.w.org\/{rel}","templated":true}]}}