{"id":8151,"date":"2020-12-02T18:11:56","date_gmt":"2020-12-02T18:11:56","guid":{"rendered":"https:\/\/commparlimage.ca\/garage\/herazz\/?product=rouleaux-de-rechange-tapis-en-mousse-pour-outils-sizzix"},"modified":"2024-02-20T08:23:11","modified_gmt":"2024-02-20T13:23:11","slug":"rouleaux-de-rechange-tapis-en-mousse-pour-outils-sizzix","status":"publish","type":"product","link":"https:\/\/www.galerie-scrapbooking.com\/en\/produit\/rouleaux-de-rechange-tapis-en-mousse-pour-outils-sizzix\/","title":{"rendered":"Rouleaux de rechange &#038; tapis en mousse pour Outils Sizzix"},"content":{"rendered":"<h1>Remplacement de la brosse et du tampon en mousse Sizzix<\/h1>\n<p>Pour l&#8217;outil de brosse \u00e0 matrice. Con\u00e7u pour \u00e9liminer instantan\u00e9ment les restes de papier des matrices grav\u00e9es, des matrices ultrafines et des motifs d\u00e9coup\u00e9s.<\/p>\n<p>Ce paquet contient trois brosses de remplacement et un coussin en mousse de 7.0 x 4.5 x\u00a0 0.5 pouces.<\/p>\n","protected":false},"excerpt":{"rendered":"<p>Sizzix Die Brush &amp; Foam Pad Replacement<\/p>\n","protected":false},"featured_media":8152,"template":"","meta":{"_acf_changed":false},"product_brand":[],"product_cat":[231,132],"product_tag":[],"class_list":{"0":"post-8151","1":"product","2":"type-product","3":"status-publish","4":"has-post-thumbnail","6":"product_cat-sizzix-accessoires","7":"product_cat-outils-accessoires-autres","8":"pa_brand_nc-sizzix","10":"first","11":"instock","12":"taxable","13":"shipping-taxable","14":"purchasable","15":"product-type-simple"},"acf":[],"aioseo_notices":[],"_links":{"self":[{"href":"https:\/\/www.galerie-scrapbooking.com\/en\/wp-json\/wp\/v2\/product\/8151","targetHints":{"allow":["GET"]}}],"collection":[{"href":"https:\/\/www.galerie-scrapbooking.com\/en\/wp-json\/wp\/v2\/product"}],"about":[{"href":"https:\/\/www.galerie-scrapbooking.com\/en\/wp-json\/wp\/v2\/types\/product"}],"wp:featuredmedia":[{"embeddable":true,"href":"https:\/\/www.galerie-scrapbooking.com\/en\/wp-json\/wp\/v2\/media\/8152"}],"wp:attachment":[{"href":"https:\/\/www.galerie-scrapbooking.com\/en\/wp-json\/wp\/v2\/media?parent=8151"}],"wp:term":[{"taxonomy":"product_brand","embeddable":true,"href":"https:\/\/www.galerie-scrapbooking.com\/en\/wp-json\/wp\/v2\/product_brand?post=8151"},{"taxonomy":"product_cat","embeddable":true,"href":"https:\/\/www.galerie-scrapbooking.com\/en\/wp-json\/wp\/v2\/product_cat?post=8151"},{"taxonomy":"product_tag","embeddable":true,"href":"https:\/\/www.galerie-scrapbooking.com\/en\/wp-json\/wp\/v2\/product_tag?post=8151"}],"curies":[{"name":"wp","href":"https:\/\/api.w.org\/{rel}","templated":true}]}}