{"id":8042,"date":"2020-10-28T14:01:01","date_gmt":"2020-10-28T14:01:01","guid":{"rendered":"https:\/\/commparlimage.ca\/garage\/herazz\/?product=elizabeth-craft-designs-microfine-glitter-diamant-chaud"},"modified":"2025-05-05T13:52:50","modified_gmt":"2025-05-05T17:52:50","slug":"elizabeth-craft-designs-microfine-glitter-diamant-chaud","status":"publish","type":"product","link":"https:\/\/www.galerie-scrapbooking.com\/en\/produit\/elizabeth-craft-designs-microfine-glitter-diamant-chaud\/","title":{"rendered":"Elizabeth Craft Designs Microfine Glitter Diamant chaud"},"content":{"rendered":"<h1>Elizabeth Craft Designs Microfine Glitter Diamant chaud<\/h1>\n<p>Cela donnera un accent brillant \u00e9clatant \u00e0 tout projet de scrapbooking. Cette couleur \u00e9tant d&#8217;un beau blanc brillant permettra de donner l&#8217;illusion de la neige une fois ajout\u00e9e \u00e0 vos projets.<\/p>\n<p>Ce paquet contient 14 grammes de paillettes.<\/p>\n","protected":false},"excerpt":{"rendered":"<p>Elizabeth Craft Designs Silk Microfine Glitter 1oz &#8211; Warm Diamond<\/p>\n","protected":false},"featured_media":8043,"template":"","meta":{"_acf_changed":false},"product_brand":[],"product_cat":[248],"product_tag":[],"class_list":{"0":"post-8042","1":"product","2":"type-product","3":"status-publish","4":"has-post-thumbnail","6":"product_cat-elizabeth-craft-microfine-glitter","7":"pa_brand_nc-elizabeth-craft-designs","9":"first","10":"instock","11":"taxable","12":"shipping-taxable","13":"purchasable","14":"product-type-simple"},"acf":[],"aioseo_notices":[],"_links":{"self":[{"href":"https:\/\/www.galerie-scrapbooking.com\/en\/wp-json\/wp\/v2\/product\/8042","targetHints":{"allow":["GET"]}}],"collection":[{"href":"https:\/\/www.galerie-scrapbooking.com\/en\/wp-json\/wp\/v2\/product"}],"about":[{"href":"https:\/\/www.galerie-scrapbooking.com\/en\/wp-json\/wp\/v2\/types\/product"}],"wp:featuredmedia":[{"embeddable":true,"href":"https:\/\/www.galerie-scrapbooking.com\/en\/wp-json\/wp\/v2\/media\/8043"}],"wp:attachment":[{"href":"https:\/\/www.galerie-scrapbooking.com\/en\/wp-json\/wp\/v2\/media?parent=8042"}],"wp:term":[{"taxonomy":"product_brand","embeddable":true,"href":"https:\/\/www.galerie-scrapbooking.com\/en\/wp-json\/wp\/v2\/product_brand?post=8042"},{"taxonomy":"product_cat","embeddable":true,"href":"https:\/\/www.galerie-scrapbooking.com\/en\/wp-json\/wp\/v2\/product_cat?post=8042"},{"taxonomy":"product_tag","embeddable":true,"href":"https:\/\/www.galerie-scrapbooking.com\/en\/wp-json\/wp\/v2\/product_tag?post=8042"}],"curies":[{"name":"wp","href":"https:\/\/api.w.org\/{rel}","templated":true}]}}