{"id":8036,"date":"2020-10-21T15:14:41","date_gmt":"2020-10-21T15:14:41","guid":{"rendered":"https:\/\/commparlimage.ca\/garage\/herazz\/?product=pioneer-album-12x12-relie-en-similicuir-gaufre-brun"},"modified":"2025-04-09T10:58:21","modified_gmt":"2025-04-09T14:58:21","slug":"pioneer-album-12-x12-relie-en-similicuir-gaufre-brun","status":"publish","type":"product","link":"https:\/\/www.galerie-scrapbooking.com\/en\/produit\/pioneer-album-12-x12-relie-en-similicuir-gaufre-brun\/","title":{"rendered":"Pioneer Album 12&#8243;x12&#8243; reli\u00e9 en similicuir gaufr\u00e9 brun"},"content":{"rendered":"<h1>Pioneer Album 12&#8243;x12&#8243; reli\u00e9 en similicuir gaufr\u00e9 brun<\/h1>\n<p>Comprend une page d&#8217;index et 10 protecteurs de page \u00e0 chargement par le haut avec insertion en papier cartonn\u00e9 blanc \u00e9pais.<\/p>\n<p>Pour pages de scrapbooking 12 x 12 pouces.<\/p>\n","protected":false},"excerpt":{"rendered":"<p>Pioneer Embossed Leatherette Post Bound Album 12&#8243;X12&#8243; &#8211; Brown<\/p>\n","protected":false},"featured_media":8037,"template":"","meta":{"_acf_changed":false},"product_brand":[],"product_cat":[51],"product_tag":[],"class_list":{"0":"post-8036","1":"product","2":"type-product","3":"status-publish","4":"has-post-thumbnail","6":"product_cat-album-scrapbooking12x12","7":"pa_brand_nc-pioneer","9":"first","10":"instock","11":"taxable","12":"shipping-taxable","13":"purchasable","14":"product-type-simple"},"acf":[],"aioseo_notices":[],"_links":{"self":[{"href":"https:\/\/www.galerie-scrapbooking.com\/en\/wp-json\/wp\/v2\/product\/8036","targetHints":{"allow":["GET"]}}],"collection":[{"href":"https:\/\/www.galerie-scrapbooking.com\/en\/wp-json\/wp\/v2\/product"}],"about":[{"href":"https:\/\/www.galerie-scrapbooking.com\/en\/wp-json\/wp\/v2\/types\/product"}],"wp:featuredmedia":[{"embeddable":true,"href":"https:\/\/www.galerie-scrapbooking.com\/en\/wp-json\/wp\/v2\/media\/8037"}],"wp:attachment":[{"href":"https:\/\/www.galerie-scrapbooking.com\/en\/wp-json\/wp\/v2\/media?parent=8036"}],"wp:term":[{"taxonomy":"product_brand","embeddable":true,"href":"https:\/\/www.galerie-scrapbooking.com\/en\/wp-json\/wp\/v2\/product_brand?post=8036"},{"taxonomy":"product_cat","embeddable":true,"href":"https:\/\/www.galerie-scrapbooking.com\/en\/wp-json\/wp\/v2\/product_cat?post=8036"},{"taxonomy":"product_tag","embeddable":true,"href":"https:\/\/www.galerie-scrapbooking.com\/en\/wp-json\/wp\/v2\/product_tag?post=8036"}],"curies":[{"name":"wp","href":"https:\/\/api.w.org\/{rel}","templated":true}]}}